{"id":795,"date":"2023-05-08T11:38:02","date_gmt":"2023-05-08T11:38:02","guid":{"rendered":"https:\/\/restmark.ee\/leevi-markus\/"},"modified":"2023-05-15T07:38:00","modified_gmt":"2023-05-15T07:38:00","slug":"leevi-markus","status":"publish","type":"page","link":"https:\/\/restmark.ee\/et\/leevi-markus\/","title":{"rendered":"Leevi Markus"},"content":{"rendered":"\t\t<div data-elementor-type=\"wp-page\" data-elementor-id=\"795\" class=\"elementor elementor-795 elementor-474\" data-elementor-post-type=\"page\">\n\t\t\t\t\t\t<section class=\"elementor-section elementor-top-section elementor-element elementor-element-34a451d elementor-section-content-middle elementor-section-boxed elementor-section-height-default elementor-section-height-default\" data-id=\"34a451d\" data-element_type=\"section\" data-e-type=\"section\" data-settings=\"{&quot;background_background&quot;:&quot;gradient&quot;}\">\n\t\t\t\t\t\t<div class=\"elementor-container elementor-column-gap-no\">\n\t\t\t\t\t<div class=\"elementor-column elementor-col-50 elementor-top-column elementor-element elementor-element-6174328c\" data-id=\"6174328c\" data-element_type=\"column\" data-e-type=\"column\">\n\t\t\t<div class=\"elementor-widget-wrap elementor-element-populated\">\n\t\t\t\t\t\t<section class=\"elementor-section elementor-inner-section elementor-element elementor-element-6ed1d04 elementor-section-boxed elementor-section-height-default elementor-section-height-default\" data-id=\"6ed1d04\" data-element_type=\"section\" data-e-type=\"section\" data-settings=\"{&quot;sticky&quot;:&quot;top&quot;,&quot;sticky_parent&quot;:&quot;yes&quot;,&quot;sticky_on&quot;:[&quot;desktop&quot;,&quot;tablet&quot;,&quot;mobile&quot;],&quot;sticky_offset&quot;:0,&quot;sticky_effects_offset&quot;:0,&quot;sticky_anchor_link_offset&quot;:0}\">\n\t\t\t\t\t\t<div class=\"elementor-container elementor-column-gap-default\">\n\t\t\t\t\t<div class=\"elementor-column elementor-col-100 elementor-inner-column elementor-element elementor-element-fbfb9f4\" data-id=\"fbfb9f4\" data-element_type=\"column\" data-e-type=\"column\">\n\t\t\t<div class=\"elementor-widget-wrap elementor-element-populated\">\n\t\t\t\t\t\t<div class=\"elementor-element elementor-element-5041483 elementor-widget elementor-widget-image\" data-id=\"5041483\" data-element_type=\"widget\" data-e-type=\"widget\" data-widget_type=\"image.default\">\n\t\t\t\t<div class=\"elementor-widget-container\">\n\t\t\t\t\t\t\t\t\t\t\t\t\t\t\t\t<a href=\"https:\/\/restmark.ee\/et\/leevi-markus\/\">\n\t\t\t\t\t\t\t<img fetchpriority=\"high\" decoding=\"async\" width=\"408\" height=\"612\" src=\"https:\/\/restmark.ee\/wp-content\/uploads\/2023\/05\/NME5905-min-removebg-preview.png\" class=\"elementor-animation-float attachment-full size-full wp-image-879\" alt=\"\" srcset=\"https:\/\/restmark.ee\/wp-content\/uploads\/2023\/05\/NME5905-min-removebg-preview.png 408w, https:\/\/restmark.ee\/wp-content\/uploads\/2023\/05\/NME5905-min-removebg-preview-200x300.png 200w\" sizes=\"(max-width: 408px) 100vw, 408px\" \/>\t\t\t\t\t\t\t\t<\/a>\n\t\t\t\t\t\t\t\t\t\t\t\t\t\t\t<\/div>\n\t\t\t\t<\/div>\n\t\t\t\t<div class=\"elementor-element elementor-element-5462f8e1 elementor-widget__width-auto elementor-widget elementor-widget-heading\" data-id=\"5462f8e1\" data-element_type=\"widget\" data-e-type=\"widget\" data-widget_type=\"heading.default\">\n\t\t\t\t<div class=\"elementor-widget-container\">\n\t\t\t\t\t<h3 class=\"elementor-heading-title elementor-size-default\">Leevi Markus<\/h3>\t\t\t\t<\/div>\n\t\t\t\t<\/div>\n\t\t\t\t<div class=\"elementor-element elementor-element-3c7a0fdd elementor-widget-divider--view-line elementor-widget elementor-widget-divider\" data-id=\"3c7a0fdd\" data-element_type=\"widget\" data-e-type=\"widget\" data-widget_type=\"divider.default\">\n\t\t\t\t<div class=\"elementor-widget-container\">\n\t\t\t\t\t\t\t<div class=\"elementor-divider\">\n\t\t\t<span class=\"elementor-divider-separator\">\n\t\t\t\t\t\t<\/span>\n\t\t<\/div>\n\t\t\t\t\t\t<\/div>\n\t\t\t\t<\/div>\n\t\t\t\t<div class=\"elementor-element elementor-element-b0fbc30 elementor-align-start elementor-tablet-align-center elementor-icon-list--layout-traditional elementor-list-item-link-full_width elementor-widget elementor-widget-icon-list\" data-id=\"b0fbc30\" data-element_type=\"widget\" data-e-type=\"widget\" data-widget_type=\"icon-list.default\">\n\t\t\t\t<div class=\"elementor-widget-container\">\n\t\t\t\t\t\t\t<ul class=\"elementor-icon-list-items\">\n\t\t\t\t\t\t\t<li class=\"elementor-icon-list-item\">\n\t\t\t\t\t\t\t\t\t\t\t<span class=\"elementor-icon-list-icon\">\n\t\t\t\t\t\t\t<i aria-hidden=\"true\" class=\"far fa-dot-circle\"><\/i>\t\t\t\t\t\t<\/span>\n\t\t\t\t\t\t\t\t\t\t<span class=\"elementor-icon-list-text\">Eesti patendivolinik<\/span>\n\t\t\t\t\t\t\t\t\t<\/li>\n\t\t\t\t\t\t\t\t<li class=\"elementor-icon-list-item\">\n\t\t\t\t\t\t\t\t\t\t\t<span class=\"elementor-icon-list-icon\">\n\t\t\t\t\t\t\t<i aria-hidden=\"true\" class=\"far fa-dot-circle\"><\/i>\t\t\t\t\t\t<\/span>\n\t\t\t\t\t\t\t\t\t\t<span class=\"elementor-icon-list-text\">Keeled: eesti, inglise, vene<\/span>\n\t\t\t\t\t\t\t\t\t<\/li>\n\t\t\t\t\t\t\t\t<li class=\"elementor-icon-list-item\">\n\t\t\t\t\t\t\t\t\t\t\t<a href=\"mailto:%20leevi.markus@restmark.ee\">\n\n\t\t\t\t\t\t\t\t\t\t\t\t<span class=\"elementor-icon-list-icon\">\n\t\t\t\t\t\t\t<i aria-hidden=\"true\" class=\"far fa-envelope\"><\/i>\t\t\t\t\t\t<\/span>\n\t\t\t\t\t\t\t\t\t\t<span class=\"elementor-icon-list-text\"><b>leevi.markus@restmark.ee<\/b><\/span>\n\t\t\t\t\t\t\t\t\t\t\t<\/a>\n\t\t\t\t\t\t\t\t\t<\/li>\n\t\t\t\t\t\t<\/ul>\n\t\t\t\t\t\t<\/div>\n\t\t\t\t<\/div>\n\t\t\t\t\t<\/div>\n\t\t<\/div>\n\t\t\t\t\t<\/div>\n\t\t<\/section>\n\t\t\t\t\t<\/div>\n\t\t<\/div>\n\t\t\t\t<div class=\"elementor-column elementor-col-50 elementor-top-column elementor-element elementor-element-748df8c8\" data-id=\"748df8c8\" data-element_type=\"column\" data-e-type=\"column\">\n\t\t\t<div class=\"elementor-widget-wrap elementor-element-populated\">\n\t\t\t\t\t\t<div class=\"elementor-element elementor-element-1b6fe90b elementor-widget elementor-widget-text-editor\" data-id=\"1b6fe90b\" data-element_type=\"widget\" data-e-type=\"widget\" data-widget_type=\"text-editor.default\">\n\t\t\t\t<div class=\"elementor-widget-container\">\n\t\t\t\t\t\t\t\t\t<p>Leevi Markus on t\u00f6\u00f6tanud intellektuaalomandi \u00f5iguskaitse valdkonnas 2001. aastast. Alates 2005. aasta s\u00fcgisest on ta riiklikult atesteeritud patendivolinik leiutiste ja mikrol\u00fclituste topoloogia valdkonnas. <br \/>Patendib\u00fcrooga RESTMARK liitus Leevi 2021. aasta septembris. Leevi on patendivolinik, kes on peamiselt spetsialiseerunud keemia, meditsiini ja biotehnoloogiaalaste leiutiste \u00f5iguskaitsele.Tema peamiseks t\u00f6\u00f6valdkonnaks on Euroopa patentide j\u00f5ustamine ja leiutiste t\u00e4iendava kaitse esitamisega seotud toimingud.<\/p><p>Leevi Markus on osalenud mitmetel kohalikel ja rahvusvahelistel intellektuaalomandi teemalistel koolitustel ja seminaridel.<\/p><p><strong>Intellektuaalomandi \u00f5iguskaitse alane t\u00f6\u00f6kogemus:<\/strong><\/p><p>2001\u20132021 Patendib\u00fcroo K\u00e4osaar, patendiosakonna juhataja, patendivolinik<\/p><p>Alates 2021 Patendib\u00fcroo RESTMARK, patendivolinik<\/p><p><strong>Haridus:<\/strong><\/p><p>1988 Tartu \u00dclikool, keemia (ametlikult v\u00f5rdsustatud magistrikraadiga)<\/p><p><strong>Erialane t\u00e4iendkoolitus:<\/strong><\/p><p>&#8211; Euroopa ja Saksamaa patendi\u00f5iguse koolitus \u2013 Vossius &amp; Partner, M\u00fcnchen, 2002;<\/p><p>&#8211; arvukad intellektuaalomandi \u00f5iguskaitse alased seminarid ja konverentsid Eestis ja v\u00e4lisriikides.<\/p>\t\t\t\t\t\t\t\t<\/div>\n\t\t\t\t<\/div>\n\t\t\t\t\t<\/div>\n\t\t<\/div>\n\t\t\t\t\t<\/div>\n\t\t<\/section>\n\t\t\t\t<\/div>\n\t\t","protected":false},"excerpt":{"rendered":"<p>Leevi Markus Eesti patendivolinik Keeled: eesti, inglise, vene leevi.markus@restmark.ee Leevi Markus on t\u00f6\u00f6tanud intellektuaalomandi \u00f5iguskaitse valdkonnas 2001. aastast. Alates 2005. aasta s\u00fcgisest on ta riiklikult atesteeritud patendivolinik leiutiste ja mikrol\u00fclituste topoloogia valdkonnas. Patendib\u00fcrooga RESTMARK liitus Leevi 2021. aasta septembris. Leevi on patendivolinik, kes on peamiselt spetsialiseerunud keemia, meditsiini ja biotehnoloogiaalaste leiutiste \u00f5iguskaitsele.Tema peamiseks t\u00f6\u00f6valdkonnaks on [&hellip;]<\/p>\n","protected":false},"author":3,"featured_media":0,"parent":0,"menu_order":0,"comment_status":"closed","ping_status":"closed","template":"elementor_header_footer","meta":{"inline_featured_image":false,"footnotes":""},"class_list":["post-795","page","type-page","status-publish","hentry"],"yoast_head":"<!-- This site is optimized with the Yoast SEO plugin v27.3 - https:\/\/yoast.com\/product\/yoast-seo-wordpress\/ -->\n<title>Leevi Markus - Restmark<\/title>\n<meta name=\"robots\" content=\"index, follow, max-snippet:-1, max-image-preview:large, max-video-preview:-1\" \/>\n<link rel=\"canonical\" href=\"https:\/\/restmark.ee\/et\/leevi-markus\/\" \/>\n<meta property=\"og:locale\" content=\"et_EE\" \/>\n<meta property=\"og:type\" content=\"article\" \/>\n<meta property=\"og:title\" content=\"Leevi Markus - Restmark\" \/>\n<meta property=\"og:description\" content=\"Leevi Markus Eesti patendivolinik Keeled: eesti, inglise, vene leevi.markus@restmark.ee Leevi Markus on t\u00f6\u00f6tanud intellektuaalomandi \u00f5iguskaitse valdkonnas 2001. aastast. Alates 2005. aasta s\u00fcgisest on ta riiklikult atesteeritud patendivolinik leiutiste ja mikrol\u00fclituste topoloogia valdkonnas. Patendib\u00fcrooga RESTMARK liitus Leevi 2021. aasta septembris. Leevi on patendivolinik, kes on peamiselt spetsialiseerunud keemia, meditsiini ja biotehnoloogiaalaste leiutiste \u00f5iguskaitsele.Tema peamiseks t\u00f6\u00f6valdkonnaks on [&hellip;]\" \/>\n<meta property=\"og:url\" content=\"https:\/\/restmark.ee\/et\/leevi-markus\/\" \/>\n<meta property=\"og:site_name\" content=\"Restmark\" \/>\n<meta property=\"article:modified_time\" content=\"2023-05-15T07:38:00+00:00\" \/>\n<meta property=\"og:image\" content=\"https:\/\/restmark.ee\/wp-content\/uploads\/2023\/05\/NME5905-min-removebg-preview.png\" \/>\n<meta name=\"twitter:card\" content=\"summary_large_image\" \/>\n<meta name=\"twitter:label1\" content=\"Est. reading time\" \/>\n\t<meta name=\"twitter:data1\" content=\"1 minut\" \/>\n<script type=\"application\/ld+json\" class=\"yoast-schema-graph\">{\"@context\":\"https:\\\/\\\/schema.org\",\"@graph\":[{\"@type\":\"WebPage\",\"@id\":\"https:\\\/\\\/restmark.ee\\\/et\\\/leevi-markus\\\/\",\"url\":\"https:\\\/\\\/restmark.ee\\\/et\\\/leevi-markus\\\/\",\"name\":\"Leevi Markus - Restmark\",\"isPartOf\":{\"@id\":\"https:\\\/\\\/restmark.ee\\\/et\\\/#website\"},\"primaryImageOfPage\":{\"@id\":\"https:\\\/\\\/restmark.ee\\\/et\\\/leevi-markus\\\/#primaryimage\"},\"image\":{\"@id\":\"https:\\\/\\\/restmark.ee\\\/et\\\/leevi-markus\\\/#primaryimage\"},\"thumbnailUrl\":\"https:\\\/\\\/restmark.ee\\\/wp-content\\\/uploads\\\/2023\\\/05\\\/NME5905-min-removebg-preview.png\",\"datePublished\":\"2023-05-08T11:38:02+00:00\",\"dateModified\":\"2023-05-15T07:38:00+00:00\",\"breadcrumb\":{\"@id\":\"https:\\\/\\\/restmark.ee\\\/et\\\/leevi-markus\\\/#breadcrumb\"},\"inLanguage\":\"et\",\"potentialAction\":[{\"@type\":\"ReadAction\",\"target\":[\"https:\\\/\\\/restmark.ee\\\/et\\\/leevi-markus\\\/\"]}]},{\"@type\":\"ImageObject\",\"inLanguage\":\"et\",\"@id\":\"https:\\\/\\\/restmark.ee\\\/et\\\/leevi-markus\\\/#primaryimage\",\"url\":\"https:\\\/\\\/restmark.ee\\\/wp-content\\\/uploads\\\/2023\\\/05\\\/NME5905-min-removebg-preview.png\",\"contentUrl\":\"https:\\\/\\\/restmark.ee\\\/wp-content\\\/uploads\\\/2023\\\/05\\\/NME5905-min-removebg-preview.png\"},{\"@type\":\"BreadcrumbList\",\"@id\":\"https:\\\/\\\/restmark.ee\\\/et\\\/leevi-markus\\\/#breadcrumb\",\"itemListElement\":[{\"@type\":\"ListItem\",\"position\":1,\"name\":\"Home\",\"item\":\"https:\\\/\\\/restmark.ee\\\/et\\\/\"},{\"@type\":\"ListItem\",\"position\":2,\"name\":\"Leevi Markus\"}]},{\"@type\":\"WebSite\",\"@id\":\"https:\\\/\\\/restmark.ee\\\/et\\\/#website\",\"url\":\"https:\\\/\\\/restmark.ee\\\/et\\\/\",\"name\":\"Restmark\",\"description\":\"Patendib&uuml;roo Restmark O&Uuml;\",\"publisher\":{\"@id\":\"https:\\\/\\\/restmark.ee\\\/et\\\/#organization\"},\"alternateName\":\"Restmark\",\"potentialAction\":[{\"@type\":\"SearchAction\",\"target\":{\"@type\":\"EntryPoint\",\"urlTemplate\":\"https:\\\/\\\/restmark.ee\\\/et\\\/?s={search_term_string}\"},\"query-input\":{\"@type\":\"PropertyValueSpecification\",\"valueRequired\":true,\"valueName\":\"search_term_string\"}}],\"inLanguage\":\"et\"},{\"@type\":\"Organization\",\"@id\":\"https:\\\/\\\/restmark.ee\\\/et\\\/#organization\",\"name\":\"Restmark\",\"alternateName\":\"Restmark\",\"url\":\"https:\\\/\\\/restmark.ee\\\/et\\\/\",\"logo\":{\"@type\":\"ImageObject\",\"inLanguage\":\"et\",\"@id\":\"https:\\\/\\\/restmark.ee\\\/et\\\/#\\\/schema\\\/logo\\\/image\\\/\",\"url\":\"https:\\\/\\\/restmark.ee\\\/wp-content\\\/uploads\\\/2023\\\/04\\\/resmark_3_-_kuldne__sinine-removebg-preview-1.png\",\"contentUrl\":\"https:\\\/\\\/restmark.ee\\\/wp-content\\\/uploads\\\/2023\\\/04\\\/resmark_3_-_kuldne__sinine-removebg-preview-1.png\",\"width\":957,\"height\":177,\"caption\":\"Restmark\"},\"image\":{\"@id\":\"https:\\\/\\\/restmark.ee\\\/et\\\/#\\\/schema\\\/logo\\\/image\\\/\"}}]}<\/script>\n<!-- \/ Yoast SEO plugin. -->","yoast_head_json":{"title":"Leevi Markus - Restmark","robots":{"index":"index","follow":"follow","max-snippet":"max-snippet:-1","max-image-preview":"max-image-preview:large","max-video-preview":"max-video-preview:-1"},"canonical":"https:\/\/restmark.ee\/et\/leevi-markus\/","og_locale":"et_EE","og_type":"article","og_title":"Leevi Markus - Restmark","og_description":"Leevi Markus Eesti patendivolinik Keeled: eesti, inglise, vene leevi.markus@restmark.ee Leevi Markus on t\u00f6\u00f6tanud intellektuaalomandi \u00f5iguskaitse valdkonnas 2001. aastast. Alates 2005. aasta s\u00fcgisest on ta riiklikult atesteeritud patendivolinik leiutiste ja mikrol\u00fclituste topoloogia valdkonnas. Patendib\u00fcrooga RESTMARK liitus Leevi 2021. aasta septembris. Leevi on patendivolinik, kes on peamiselt spetsialiseerunud keemia, meditsiini ja biotehnoloogiaalaste leiutiste \u00f5iguskaitsele.Tema peamiseks t\u00f6\u00f6valdkonnaks on [&hellip;]","og_url":"https:\/\/restmark.ee\/et\/leevi-markus\/","og_site_name":"Restmark","article_modified_time":"2023-05-15T07:38:00+00:00","og_image":[{"url":"https:\/\/restmark.ee\/wp-content\/uploads\/2023\/05\/NME5905-min-removebg-preview.png","type":"","width":"","height":""}],"twitter_card":"summary_large_image","twitter_misc":{"Est. reading time":"1 minut"},"schema":{"@context":"https:\/\/schema.org","@graph":[{"@type":"WebPage","@id":"https:\/\/restmark.ee\/et\/leevi-markus\/","url":"https:\/\/restmark.ee\/et\/leevi-markus\/","name":"Leevi Markus - Restmark","isPartOf":{"@id":"https:\/\/restmark.ee\/et\/#website"},"primaryImageOfPage":{"@id":"https:\/\/restmark.ee\/et\/leevi-markus\/#primaryimage"},"image":{"@id":"https:\/\/restmark.ee\/et\/leevi-markus\/#primaryimage"},"thumbnailUrl":"https:\/\/restmark.ee\/wp-content\/uploads\/2023\/05\/NME5905-min-removebg-preview.png","datePublished":"2023-05-08T11:38:02+00:00","dateModified":"2023-05-15T07:38:00+00:00","breadcrumb":{"@id":"https:\/\/restmark.ee\/et\/leevi-markus\/#breadcrumb"},"inLanguage":"et","potentialAction":[{"@type":"ReadAction","target":["https:\/\/restmark.ee\/et\/leevi-markus\/"]}]},{"@type":"ImageObject","inLanguage":"et","@id":"https:\/\/restmark.ee\/et\/leevi-markus\/#primaryimage","url":"https:\/\/restmark.ee\/wp-content\/uploads\/2023\/05\/NME5905-min-removebg-preview.png","contentUrl":"https:\/\/restmark.ee\/wp-content\/uploads\/2023\/05\/NME5905-min-removebg-preview.png"},{"@type":"BreadcrumbList","@id":"https:\/\/restmark.ee\/et\/leevi-markus\/#breadcrumb","itemListElement":[{"@type":"ListItem","position":1,"name":"Home","item":"https:\/\/restmark.ee\/et\/"},{"@type":"ListItem","position":2,"name":"Leevi Markus"}]},{"@type":"WebSite","@id":"https:\/\/restmark.ee\/et\/#website","url":"https:\/\/restmark.ee\/et\/","name":"Restmark","description":"Patendib&uuml;roo Restmark O&Uuml;","publisher":{"@id":"https:\/\/restmark.ee\/et\/#organization"},"alternateName":"Restmark","potentialAction":[{"@type":"SearchAction","target":{"@type":"EntryPoint","urlTemplate":"https:\/\/restmark.ee\/et\/?s={search_term_string}"},"query-input":{"@type":"PropertyValueSpecification","valueRequired":true,"valueName":"search_term_string"}}],"inLanguage":"et"},{"@type":"Organization","@id":"https:\/\/restmark.ee\/et\/#organization","name":"Restmark","alternateName":"Restmark","url":"https:\/\/restmark.ee\/et\/","logo":{"@type":"ImageObject","inLanguage":"et","@id":"https:\/\/restmark.ee\/et\/#\/schema\/logo\/image\/","url":"https:\/\/restmark.ee\/wp-content\/uploads\/2023\/04\/resmark_3_-_kuldne__sinine-removebg-preview-1.png","contentUrl":"https:\/\/restmark.ee\/wp-content\/uploads\/2023\/04\/resmark_3_-_kuldne__sinine-removebg-preview-1.png","width":957,"height":177,"caption":"Restmark"},"image":{"@id":"https:\/\/restmark.ee\/et\/#\/schema\/logo\/image\/"}}]}},"_links":{"self":[{"href":"https:\/\/restmark.ee\/et\/wp-json\/wp\/v2\/pages\/795","targetHints":{"allow":["GET"]}}],"collection":[{"href":"https:\/\/restmark.ee\/et\/wp-json\/wp\/v2\/pages"}],"about":[{"href":"https:\/\/restmark.ee\/et\/wp-json\/wp\/v2\/types\/page"}],"author":[{"embeddable":true,"href":"https:\/\/restmark.ee\/et\/wp-json\/wp\/v2\/users\/3"}],"replies":[{"embeddable":true,"href":"https:\/\/restmark.ee\/et\/wp-json\/wp\/v2\/comments?post=795"}],"version-history":[{"count":19,"href":"https:\/\/restmark.ee\/et\/wp-json\/wp\/v2\/pages\/795\/revisions"}],"predecessor-version":[{"id":1189,"href":"https:\/\/restmark.ee\/et\/wp-json\/wp\/v2\/pages\/795\/revisions\/1189"}],"wp:attachment":[{"href":"https:\/\/restmark.ee\/et\/wp-json\/wp\/v2\/media?parent=795"}],"curies":[{"name":"wp","href":"https:\/\/api.w.org\/{rel}","templated":true}]}}