{"id":796,"date":"2023-05-08T12:32:44","date_gmt":"2023-05-08T12:32:44","guid":{"rendered":"https:\/\/restmark.ee\/kaubamargid\/"},"modified":"2023-05-11T12:24:55","modified_gmt":"2023-05-11T12:24:55","slug":"kaubamargid","status":"publish","type":"page","link":"https:\/\/restmark.ee\/et\/teenused\/kaubamargid\/","title":{"rendered":"Kaubam\u00e4rgid"},"content":{"rendered":"\t\t<div data-elementor-type=\"wp-page\" data-elementor-id=\"796\" class=\"elementor elementor-796 elementor-498\" data-elementor-post-type=\"page\">\n\t\t\t\t\t\t<section class=\"elementor-section elementor-top-section elementor-element elementor-element-95ea5ed elementor-section-height-min-height elementor-section-boxed elementor-section-height-default elementor-section-items-middle\" data-id=\"95ea5ed\" data-element_type=\"section\" data-e-type=\"section\" data-settings=\"{&quot;background_background&quot;:&quot;slideshow&quot;,&quot;background_slideshow_gallery&quot;:[{&quot;id&quot;:293,&quot;url&quot;:&quot;https:\\\/\\\/restmark.ee\\\/wp-content\\\/uploads\\\/2023\\\/05\\\/DJI_0777-rotermann-maakri-vanalinn-kuu.webp&quot;},{&quot;id&quot;:294,&quot;url&quot;:&quot;https:\\\/\\\/restmark.ee\\\/wp-content\\\/uploads\\\/2023\\\/05\\\/kaupokalda-com-20220305-184900-DJI_0280-tartu-1-1.webp&quot;},{&quot;id&quot;:295,&quot;url&quot;:&quot;https:\\\/\\\/restmark.ee\\\/wp-content\\\/uploads\\\/2023\\\/05\\\/kaupokalda-com-20190828-DJI_0061-kakerdaja-raba.webp&quot;}],&quot;background_slideshow_ken_burns&quot;:&quot;yes&quot;,&quot;background_slideshow_slide_duration&quot;:10000,&quot;background_slideshow_loop&quot;:&quot;yes&quot;,&quot;background_slideshow_slide_transition&quot;:&quot;fade&quot;,&quot;background_slideshow_transition_duration&quot;:500,&quot;background_slideshow_ken_burns_zoom_direction&quot;:&quot;in&quot;}\">\n\t\t\t\t\t\t\t<div class=\"elementor-background-overlay\"><\/div>\n\t\t\t\t\t\t\t<div class=\"elementor-container elementor-column-gap-default\">\n\t\t\t\t\t<div class=\"elementor-column elementor-col-100 elementor-top-column elementor-element elementor-element-a26b0a5\" data-id=\"a26b0a5\" data-element_type=\"column\" data-e-type=\"column\">\n\t\t\t<div class=\"elementor-widget-wrap elementor-element-populated\">\n\t\t\t\t\t\t<div class=\"elementor-element elementor-element-6e412ab textshadow elementor-widget elementor-widget-heading\" data-id=\"6e412ab\" data-element_type=\"widget\" data-e-type=\"widget\" data-widget_type=\"heading.default\">\n\t\t\t\t<div class=\"elementor-widget-container\">\n\t\t\t\t\t<h2 class=\"elementor-heading-title elementor-size-default\">Kaubam\u00e4rgid<\/h2>\t\t\t\t<\/div>\n\t\t\t\t<\/div>\n\t\t\t\t<div class=\"elementor-element elementor-element-dadc457 elementor-icon-list--layout-inline elementor-align-center elementor-list-item-link-full_width elementor-widget elementor-widget-icon-list\" data-id=\"dadc457\" data-element_type=\"widget\" data-e-type=\"widget\" data-widget_type=\"icon-list.default\">\n\t\t\t\t<div class=\"elementor-widget-container\">\n\t\t\t\t\t\t\t<ul class=\"elementor-icon-list-items elementor-inline-items\">\n\t\t\t\t\t\t\t<li class=\"elementor-icon-list-item elementor-inline-item\">\n\t\t\t\t\t\t\t\t\t\t\t<a href=\"https:\/\/restmark.ee\/et\/teenused\/\">\n\n\t\t\t\t\t\t\t\t\t\t\t\t<span class=\"elementor-icon-list-icon\">\n\t\t\t\t\t\t\t<i aria-hidden=\"true\" class=\"far fa-dot-circle\"><\/i>\t\t\t\t\t\t<\/span>\n\t\t\t\t\t\t\t\t\t\t<span class=\"elementor-icon-list-text\">Teenused<\/span>\n\t\t\t\t\t\t\t\t\t\t\t<\/a>\n\t\t\t\t\t\t\t\t\t<\/li>\n\t\t\t\t\t\t\t\t<li class=\"elementor-icon-list-item elementor-inline-item\">\n\t\t\t\t\t\t\t\t\t\t\t<a href=\"https:\/\/restmark.ee\/et\/teenused\/kaubamargid\/\">\n\n\t\t\t\t\t\t\t\t\t\t\t\t<span class=\"elementor-icon-list-icon\">\n\t\t\t\t\t\t\t<i aria-hidden=\"true\" class=\"far fa-dot-circle\"><\/i>\t\t\t\t\t\t<\/span>\n\t\t\t\t\t\t\t\t\t\t<span class=\"elementor-icon-list-text\">Kaubam\u00e4rgid<\/span>\n\t\t\t\t\t\t\t\t\t\t\t<\/a>\n\t\t\t\t\t\t\t\t\t<\/li>\n\t\t\t\t\t\t<\/ul>\n\t\t\t\t\t\t<\/div>\n\t\t\t\t<\/div>\n\t\t\t\t\t<\/div>\n\t\t<\/div>\n\t\t\t\t\t<\/div>\n\t\t<\/section>\n\t\t\t\t<section class=\"elementor-section elementor-top-section elementor-element elementor-element-8f34536 elementor-section-boxed elementor-section-height-default elementor-section-height-default\" data-id=\"8f34536\" data-element_type=\"section\" data-e-type=\"section\">\n\t\t\t\t\t\t<div class=\"elementor-container elementor-column-gap-default\">\n\t\t\t\t\t<div class=\"elementor-column elementor-col-100 elementor-top-column elementor-element elementor-element-26bbbe6\" data-id=\"26bbbe6\" data-element_type=\"column\" data-e-type=\"column\">\n\t\t\t<div class=\"elementor-widget-wrap elementor-element-populated\">\n\t\t\t\t\t\t<div class=\"elementor-element elementor-element-afc1295 elementor-widget elementor-widget-text-editor\" data-id=\"afc1295\" data-element_type=\"widget\" data-e-type=\"widget\" data-widget_type=\"text-editor.default\">\n\t\t\t\t<div class=\"elementor-widget-container\">\n\t\t\t\t\t\t\t\t\t<p>Kaubam\u00e4rgid on teie br\u00e4ndi nurgakivid.<\/p><p>Teie logod, s\u00f5nam\u00e4rgid ning sloganid v\u00f5imaldavad tarbijatel eristada teie kaupu v\u00f5i teenuseid konkurendi omadest ning t\u00e4idavad ka reklaami- ja kvaliteedifunktsiooni, olles vahel\u00fcliks tarbijate ja ettev\u00f5tte vahel.<\/p><p>Enda \u00f5iguste efektiivseks kaitseks tuleb \u00f5igeaegselt registreerida ettev\u00f5tte kaubam\u00e4rgid k\u00f5ikidel vajalikel territooriumidel.<\/p>\t\t\t\t\t\t\t\t<\/div>\n\t\t\t\t<\/div>\n\t\t\t\t\t<\/div>\n\t\t<\/div>\n\t\t\t\t\t<\/div>\n\t\t<\/section>\n\t\t\t\t<section class=\"elementor-section elementor-top-section elementor-element elementor-element-6704298 elementor-section-boxed elementor-section-height-default elementor-section-height-default\" data-id=\"6704298\" data-element_type=\"section\" data-e-type=\"section\" data-settings=\"{&quot;background_background&quot;:&quot;classic&quot;}\">\n\t\t\t\t\t\t<div class=\"elementor-container elementor-column-gap-default\">\n\t\t\t\t\t<div class=\"elementor-column elementor-col-50 elementor-top-column elementor-element elementor-element-8abe3e9\" data-id=\"8abe3e9\" data-element_type=\"column\" data-e-type=\"column\">\n\t\t\t<div class=\"elementor-widget-wrap elementor-element-populated\">\n\t\t\t\t\t\t<div class=\"elementor-element elementor-element-bc1024a elementor-invisible elementor-widget elementor-widget-heading\" data-id=\"bc1024a\" data-element_type=\"widget\" data-e-type=\"widget\" data-settings=\"{&quot;_animation&quot;:&quot;fadeInLeft&quot;}\" data-widget_type=\"heading.default\">\n\t\t\t\t<div class=\"elementor-widget-container\">\n\t\t\t\t\t<h2 class=\"elementor-heading-title elementor-size-default\">Pakume j\u00e4rgnevaid kaubam\u00e4rkidega seonduvaid teenuseid:<\/h2>\t\t\t\t<\/div>\n\t\t\t\t<\/div>\n\t\t\t\t\t<\/div>\n\t\t<\/div>\n\t\t\t\t<div class=\"elementor-column elementor-col-50 elementor-top-column elementor-element elementor-element-ad904f3\" data-id=\"ad904f3\" data-element_type=\"column\" data-e-type=\"column\">\n\t\t\t<div class=\"elementor-widget-wrap elementor-element-populated\">\n\t\t\t\t\t\t<div class=\"elementor-element elementor-element-d1a978d elementor-mobile-align-center elementor-icon-list--layout-traditional elementor-list-item-link-full_width elementor-widget elementor-widget-icon-list\" data-id=\"d1a978d\" data-element_type=\"widget\" data-e-type=\"widget\" data-widget_type=\"icon-list.default\">\n\t\t\t\t<div class=\"elementor-widget-container\">\n\t\t\t\t\t\t\t<ul class=\"elementor-icon-list-items\">\n\t\t\t\t\t\t\t<li class=\"elementor-icon-list-item\">\n\t\t\t\t\t\t\t\t\t\t\t<span class=\"elementor-icon-list-icon\">\n\t\t\t\t\t\t\t<i aria-hidden=\"true\" class=\"far fa-check-circle\"><\/i>\t\t\t\t\t\t<\/span>\n\t\t\t\t\t\t\t\t\t\t<span class=\"elementor-icon-list-text\">N\u00f5ustamisteenused (kaubam\u00e4rgi valimine, kaitsestrateegia v\u00e4ljat\u00f6\u00f6tamine); <\/span>\n\t\t\t\t\t\t\t\t\t<\/li>\n\t\t\t\t\t\t\t\t<li class=\"elementor-icon-list-item\">\n\t\t\t\t\t\t\t\t\t\t\t<span class=\"elementor-icon-list-icon\">\n\t\t\t\t\t\t\t<i aria-hidden=\"true\" class=\"far fa-check-circle\"><\/i>\t\t\t\t\t\t<\/span>\n\t\t\t\t\t\t\t\t\t\t<span class=\"elementor-icon-list-text\">Monitooring &amp; kaubam\u00e4rgiotsingud;<\/span>\n\t\t\t\t\t\t\t\t\t<\/li>\n\t\t\t\t\t\t\t\t<li class=\"elementor-icon-list-item\">\n\t\t\t\t\t\t\t\t\t\t\t<span class=\"elementor-icon-list-icon\">\n\t\t\t\t\t\t\t<i aria-hidden=\"true\" class=\"far fa-check-circle\"><\/i>\t\t\t\t\t\t<\/span>\n\t\t\t\t\t\t\t\t\t\t<span class=\"elementor-icon-list-text\">Kaubam\u00e4rkide registreerimise korraldamine nii Eestis, Euroopa Liidus kui koost\u00f6\u00f6partnerite abil ka k\u00f5igis v\u00e4lisriikides;<\/span>\n\t\t\t\t\t\t\t\t\t<\/li>\n\t\t\t\t\t\t\t\t<li class=\"elementor-icon-list-item\">\n\t\t\t\t\t\t\t\t\t\t\t<span class=\"elementor-icon-list-icon\">\n\t\t\t\t\t\t\t<i aria-hidden=\"true\" class=\"far fa-check-circle\"><\/i>\t\t\t\t\t\t<\/span>\n\t\t\t\t\t\t\t\t\t\t<span class=\"elementor-icon-list-text\">\u00d5iguslike dokumentide koostamine (lepingud, n\u00f5udekirjad);<\/span>\n\t\t\t\t\t\t\t\t\t<\/li>\n\t\t\t\t\t\t\t\t<li class=\"elementor-icon-list-item\">\n\t\t\t\t\t\t\t\t\t\t\t<span class=\"elementor-icon-list-icon\">\n\t\t\t\t\t\t\t<i aria-hidden=\"true\" class=\"far fa-check-circle\"><\/i>\t\t\t\t\t\t<\/span>\n\t\t\t\t\t\t\t\t\t\t<span class=\"elementor-icon-list-text\">\u00d5iguskaitse kehtivuse j\u00e4lgimine ja kaubam\u00e4rkide kehtivuse pikendamine;<\/span>\n\t\t\t\t\t\t\t\t\t<\/li>\n\t\t\t\t\t\t\t\t<li class=\"elementor-icon-list-item\">\n\t\t\t\t\t\t\t\t\t\t\t<span class=\"elementor-icon-list-icon\">\n\t\t\t\t\t\t\t<i aria-hidden=\"true\" class=\"far fa-check-circle\"><\/i>\t\t\t\t\t\t<\/span>\n\t\t\t\t\t\t\t\t\t\t<span class=\"elementor-icon-list-text\">Klientide esindamine l\u00e4bir\u00e4\u00e4kimistel ja kaubam\u00e4rgi\u00f5iguste j\u00f5ustamine kohtutes ning mujal.<\/span>\n\t\t\t\t\t\t\t\t\t<\/li>\n\t\t\t\t\t\t<\/ul>\n\t\t\t\t\t\t<\/div>\n\t\t\t\t<\/div>\n\t\t\t\t<div class=\"elementor-element elementor-element-3eaa1ed animated-slow elementor-mobile-align-center elementor-invisible elementor-widget elementor-widget-button\" data-id=\"3eaa1ed\" data-element_type=\"widget\" data-e-type=\"widget\" data-settings=\"{&quot;_animation&quot;:&quot;fadeInUp&quot;}\" data-widget_type=\"button.default\">\n\t\t\t\t<div class=\"elementor-widget-container\">\n\t\t\t\t\t\t\t\t\t<div class=\"elementor-button-wrapper\">\n\t\t\t\t\t<a class=\"elementor-button elementor-button-link elementor-size-sm\" href=\"\/et\/#kontakt\">\n\t\t\t\t\t\t<span class=\"elementor-button-content-wrapper\">\n\t\t\t\t\t\t<span class=\"elementor-button-icon\">\n\t\t\t\t<i aria-hidden=\"true\" class=\"fas fa-long-arrow-alt-right\"><\/i>\t\t\t<\/span>\n\t\t\t\t\t\t\t\t\t<span class=\"elementor-button-text\">V\u00f5tke meiega \u00fchendust<\/span>\n\t\t\t\t\t<\/span>\n\t\t\t\t\t<\/a>\n\t\t\t\t<\/div>\n\t\t\t\t\t\t\t\t<\/div>\n\t\t\t\t<\/div>\n\t\t\t\t\t<\/div>\n\t\t<\/div>\n\t\t\t\t\t<\/div>\n\t\t<\/section>\n\t\t\t\t<\/div>\n\t\t","protected":false},"excerpt":{"rendered":"<p>Teenused Kaubam\u00e4rgid on teie br\u00e4ndi nurgakivid. Teie logod, s\u00f5nam\u00e4rgid ning sloganid v\u00f5imaldavad tarbijatel eristada teie kaupu v\u00f5i teenuseid konkurendi omadest ning t\u00e4idavad ka reklaami- ja kvaliteedifunktsiooni, olles vahel\u00fcliks tarbijate ja ettev\u00f5tte vahel. Enda \u00f5iguste efektiivseks kaitseks tuleb \u00f5igeaegselt registreerida ettev\u00f5tte kaubam\u00e4rgid k\u00f5ikidel vajalikel territooriumidel. Pakume j\u00e4rgnevaid kaubam\u00e4rkidega seonduvaid teenuseid: N\u00f5ustamisteenused (kaubam\u00e4rgi valimine, kaitsestrateegia v\u00e4ljat\u00f6\u00f6tamine); Monitooring [&hellip;]<\/p>\n","protected":false},"author":3,"featured_media":0,"parent":803,"menu_order":0,"comment_status":"closed","ping_status":"closed","template":"elementor_header_footer","meta":{"inline_featured_image":false,"footnotes":""},"class_list":["post-796","page","type-page","status-publish","hentry"],"yoast_head":"<!-- This site is optimized with the Yoast SEO plugin v27.3 - https:\/\/yoast.com\/product\/yoast-seo-wordpress\/ -->\n<title>Kaubam\u00e4rgid - Restmark<\/title>\n<meta name=\"robots\" content=\"index, follow, max-snippet:-1, max-image-preview:large, max-video-preview:-1\" \/>\n<link rel=\"canonical\" href=\"https:\/\/restmark.ee\/et\/teenused\/kaubamargid\/\" \/>\n<meta property=\"og:locale\" content=\"et_EE\" \/>\n<meta property=\"og:type\" content=\"article\" \/>\n<meta property=\"og:title\" content=\"Kaubam\u00e4rgid - Restmark\" \/>\n<meta property=\"og:description\" content=\"Teenused Kaubam\u00e4rgid on teie br\u00e4ndi nurgakivid. Teie logod, s\u00f5nam\u00e4rgid ning sloganid v\u00f5imaldavad tarbijatel eristada teie kaupu v\u00f5i teenuseid konkurendi omadest ning t\u00e4idavad ka reklaami- ja kvaliteedifunktsiooni, olles vahel\u00fcliks tarbijate ja ettev\u00f5tte vahel. Enda \u00f5iguste efektiivseks kaitseks tuleb \u00f5igeaegselt registreerida ettev\u00f5tte kaubam\u00e4rgid k\u00f5ikidel vajalikel territooriumidel. Pakume j\u00e4rgnevaid kaubam\u00e4rkidega seonduvaid teenuseid: N\u00f5ustamisteenused (kaubam\u00e4rgi valimine, kaitsestrateegia v\u00e4ljat\u00f6\u00f6tamine); Monitooring [&hellip;]\" \/>\n<meta property=\"og:url\" content=\"https:\/\/restmark.ee\/et\/teenused\/kaubamargid\/\" \/>\n<meta property=\"og:site_name\" content=\"Restmark\" \/>\n<meta property=\"article:modified_time\" content=\"2023-05-11T12:24:55+00:00\" \/>\n<meta property=\"og:image\" content=\"https:\/\/restmark.ee\/wp-content\/uploads\/2023\/04\/resmark_3_-_kuldne__sinine-removebg-preview-1.png\" \/>\n\t<meta property=\"og:image:width\" content=\"957\" \/>\n\t<meta property=\"og:image:height\" content=\"177\" \/>\n\t<meta property=\"og:image:type\" content=\"image\/png\" \/>\n<meta name=\"twitter:card\" content=\"summary_large_image\" \/>\n<meta name=\"twitter:label1\" content=\"Est. reading time\" \/>\n\t<meta name=\"twitter:data1\" content=\"1 minut\" \/>\n<script type=\"application\/ld+json\" class=\"yoast-schema-graph\">{\"@context\":\"https:\\\/\\\/schema.org\",\"@graph\":[{\"@type\":\"WebPage\",\"@id\":\"https:\\\/\\\/restmark.ee\\\/et\\\/teenused\\\/kaubamargid\\\/\",\"url\":\"https:\\\/\\\/restmark.ee\\\/et\\\/teenused\\\/kaubamargid\\\/\",\"name\":\"Kaubam\u00e4rgid - Restmark\",\"isPartOf\":{\"@id\":\"https:\\\/\\\/restmark.ee\\\/et\\\/#website\"},\"datePublished\":\"2023-05-08T12:32:44+00:00\",\"dateModified\":\"2023-05-11T12:24:55+00:00\",\"breadcrumb\":{\"@id\":\"https:\\\/\\\/restmark.ee\\\/et\\\/teenused\\\/kaubamargid\\\/#breadcrumb\"},\"inLanguage\":\"et\",\"potentialAction\":[{\"@type\":\"ReadAction\",\"target\":[\"https:\\\/\\\/restmark.ee\\\/et\\\/teenused\\\/kaubamargid\\\/\"]}]},{\"@type\":\"BreadcrumbList\",\"@id\":\"https:\\\/\\\/restmark.ee\\\/et\\\/teenused\\\/kaubamargid\\\/#breadcrumb\",\"itemListElement\":[{\"@type\":\"ListItem\",\"position\":1,\"name\":\"Home\",\"item\":\"https:\\\/\\\/restmark.ee\\\/et\\\/\"},{\"@type\":\"ListItem\",\"position\":2,\"name\":\"Teenused\",\"item\":\"https:\\\/\\\/restmark.ee\\\/et\\\/teenused\\\/\"},{\"@type\":\"ListItem\",\"position\":3,\"name\":\"Kaubam\u00e4rgid\"}]},{\"@type\":\"WebSite\",\"@id\":\"https:\\\/\\\/restmark.ee\\\/et\\\/#website\",\"url\":\"https:\\\/\\\/restmark.ee\\\/et\\\/\",\"name\":\"Restmark\",\"description\":\"Patendib&uuml;roo Restmark O&Uuml;\",\"publisher\":{\"@id\":\"https:\\\/\\\/restmark.ee\\\/et\\\/#organization\"},\"alternateName\":\"Restmark\",\"potentialAction\":[{\"@type\":\"SearchAction\",\"target\":{\"@type\":\"EntryPoint\",\"urlTemplate\":\"https:\\\/\\\/restmark.ee\\\/et\\\/?s={search_term_string}\"},\"query-input\":{\"@type\":\"PropertyValueSpecification\",\"valueRequired\":true,\"valueName\":\"search_term_string\"}}],\"inLanguage\":\"et\"},{\"@type\":\"Organization\",\"@id\":\"https:\\\/\\\/restmark.ee\\\/et\\\/#organization\",\"name\":\"Restmark\",\"alternateName\":\"Restmark\",\"url\":\"https:\\\/\\\/restmark.ee\\\/et\\\/\",\"logo\":{\"@type\":\"ImageObject\",\"inLanguage\":\"et\",\"@id\":\"https:\\\/\\\/restmark.ee\\\/et\\\/#\\\/schema\\\/logo\\\/image\\\/\",\"url\":\"https:\\\/\\\/restmark.ee\\\/wp-content\\\/uploads\\\/2023\\\/04\\\/resmark_3_-_kuldne__sinine-removebg-preview-1.png\",\"contentUrl\":\"https:\\\/\\\/restmark.ee\\\/wp-content\\\/uploads\\\/2023\\\/04\\\/resmark_3_-_kuldne__sinine-removebg-preview-1.png\",\"width\":957,\"height\":177,\"caption\":\"Restmark\"},\"image\":{\"@id\":\"https:\\\/\\\/restmark.ee\\\/et\\\/#\\\/schema\\\/logo\\\/image\\\/\"}}]}<\/script>\n<!-- \/ Yoast SEO plugin. -->","yoast_head_json":{"title":"Kaubam\u00e4rgid - Restmark","robots":{"index":"index","follow":"follow","max-snippet":"max-snippet:-1","max-image-preview":"max-image-preview:large","max-video-preview":"max-video-preview:-1"},"canonical":"https:\/\/restmark.ee\/et\/teenused\/kaubamargid\/","og_locale":"et_EE","og_type":"article","og_title":"Kaubam\u00e4rgid - Restmark","og_description":"Teenused Kaubam\u00e4rgid on teie br\u00e4ndi nurgakivid. Teie logod, s\u00f5nam\u00e4rgid ning sloganid v\u00f5imaldavad tarbijatel eristada teie kaupu v\u00f5i teenuseid konkurendi omadest ning t\u00e4idavad ka reklaami- ja kvaliteedifunktsiooni, olles vahel\u00fcliks tarbijate ja ettev\u00f5tte vahel. Enda \u00f5iguste efektiivseks kaitseks tuleb \u00f5igeaegselt registreerida ettev\u00f5tte kaubam\u00e4rgid k\u00f5ikidel vajalikel territooriumidel. Pakume j\u00e4rgnevaid kaubam\u00e4rkidega seonduvaid teenuseid: N\u00f5ustamisteenused (kaubam\u00e4rgi valimine, kaitsestrateegia v\u00e4ljat\u00f6\u00f6tamine); Monitooring [&hellip;]","og_url":"https:\/\/restmark.ee\/et\/teenused\/kaubamargid\/","og_site_name":"Restmark","article_modified_time":"2023-05-11T12:24:55+00:00","og_image":[{"width":957,"height":177,"url":"https:\/\/restmark.ee\/wp-content\/uploads\/2023\/04\/resmark_3_-_kuldne__sinine-removebg-preview-1.png","type":"image\/png"}],"twitter_card":"summary_large_image","twitter_misc":{"Est. reading time":"1 minut"},"schema":{"@context":"https:\/\/schema.org","@graph":[{"@type":"WebPage","@id":"https:\/\/restmark.ee\/et\/teenused\/kaubamargid\/","url":"https:\/\/restmark.ee\/et\/teenused\/kaubamargid\/","name":"Kaubam\u00e4rgid - Restmark","isPartOf":{"@id":"https:\/\/restmark.ee\/et\/#website"},"datePublished":"2023-05-08T12:32:44+00:00","dateModified":"2023-05-11T12:24:55+00:00","breadcrumb":{"@id":"https:\/\/restmark.ee\/et\/teenused\/kaubamargid\/#breadcrumb"},"inLanguage":"et","potentialAction":[{"@type":"ReadAction","target":["https:\/\/restmark.ee\/et\/teenused\/kaubamargid\/"]}]},{"@type":"BreadcrumbList","@id":"https:\/\/restmark.ee\/et\/teenused\/kaubamargid\/#breadcrumb","itemListElement":[{"@type":"ListItem","position":1,"name":"Home","item":"https:\/\/restmark.ee\/et\/"},{"@type":"ListItem","position":2,"name":"Teenused","item":"https:\/\/restmark.ee\/et\/teenused\/"},{"@type":"ListItem","position":3,"name":"Kaubam\u00e4rgid"}]},{"@type":"WebSite","@id":"https:\/\/restmark.ee\/et\/#website","url":"https:\/\/restmark.ee\/et\/","name":"Restmark","description":"Patendib&uuml;roo Restmark O&Uuml;","publisher":{"@id":"https:\/\/restmark.ee\/et\/#organization"},"alternateName":"Restmark","potentialAction":[{"@type":"SearchAction","target":{"@type":"EntryPoint","urlTemplate":"https:\/\/restmark.ee\/et\/?s={search_term_string}"},"query-input":{"@type":"PropertyValueSpecification","valueRequired":true,"valueName":"search_term_string"}}],"inLanguage":"et"},{"@type":"Organization","@id":"https:\/\/restmark.ee\/et\/#organization","name":"Restmark","alternateName":"Restmark","url":"https:\/\/restmark.ee\/et\/","logo":{"@type":"ImageObject","inLanguage":"et","@id":"https:\/\/restmark.ee\/et\/#\/schema\/logo\/image\/","url":"https:\/\/restmark.ee\/wp-content\/uploads\/2023\/04\/resmark_3_-_kuldne__sinine-removebg-preview-1.png","contentUrl":"https:\/\/restmark.ee\/wp-content\/uploads\/2023\/04\/resmark_3_-_kuldne__sinine-removebg-preview-1.png","width":957,"height":177,"caption":"Restmark"},"image":{"@id":"https:\/\/restmark.ee\/et\/#\/schema\/logo\/image\/"}}]}},"_links":{"self":[{"href":"https:\/\/restmark.ee\/et\/wp-json\/wp\/v2\/pages\/796","targetHints":{"allow":["GET"]}}],"collection":[{"href":"https:\/\/restmark.ee\/et\/wp-json\/wp\/v2\/pages"}],"about":[{"href":"https:\/\/restmark.ee\/et\/wp-json\/wp\/v2\/types\/page"}],"author":[{"embeddable":true,"href":"https:\/\/restmark.ee\/et\/wp-json\/wp\/v2\/users\/3"}],"replies":[{"embeddable":true,"href":"https:\/\/restmark.ee\/et\/wp-json\/wp\/v2\/comments?post=796"}],"version-history":[{"count":11,"href":"https:\/\/restmark.ee\/et\/wp-json\/wp\/v2\/pages\/796\/revisions"}],"predecessor-version":[{"id":1061,"href":"https:\/\/restmark.ee\/et\/wp-json\/wp\/v2\/pages\/796\/revisions\/1061"}],"up":[{"embeddable":true,"href":"https:\/\/restmark.ee\/et\/wp-json\/wp\/v2\/pages\/803"}],"wp:attachment":[{"href":"https:\/\/restmark.ee\/et\/wp-json\/wp\/v2\/media?parent=796"}],"curies":[{"name":"wp","href":"https:\/\/api.w.org\/{rel}","templated":true}]}}