{"id":814,"date":"2023-05-08T09:37:13","date_gmt":"2023-05-08T09:37:13","guid":{"rendered":"https:\/\/restmark.ee\/meie-kohta\/"},"modified":"2023-11-17T14:03:50","modified_gmt":"2023-11-17T14:03:50","slug":"meist","status":"publish","type":"page","link":"https:\/\/restmark.ee\/et\/meist\/","title":{"rendered":"Meist"},"content":{"rendered":"\t\t<div data-elementor-type=\"wp-page\" data-elementor-id=\"814\" class=\"elementor elementor-814 elementor-371\" data-elementor-post-type=\"page\">\n\t\t\t\t\t\t<section class=\"elementor-section elementor-top-section elementor-element elementor-element-a8eeb4e elementor-section-height-min-height elementor-section-boxed elementor-section-height-default elementor-section-items-middle\" data-id=\"a8eeb4e\" data-element_type=\"section\" data-e-type=\"section\" data-settings=\"{&quot;background_background&quot;:&quot;slideshow&quot;,&quot;background_slideshow_gallery&quot;:[{&quot;id&quot;:293,&quot;url&quot;:&quot;https:\\\/\\\/restmark.ee\\\/wp-content\\\/uploads\\\/2023\\\/05\\\/DJI_0777-rotermann-maakri-vanalinn-kuu.webp&quot;},{&quot;id&quot;:294,&quot;url&quot;:&quot;https:\\\/\\\/restmark.ee\\\/wp-content\\\/uploads\\\/2023\\\/05\\\/kaupokalda-com-20220305-184900-DJI_0280-tartu-1-1.webp&quot;},{&quot;id&quot;:295,&quot;url&quot;:&quot;https:\\\/\\\/restmark.ee\\\/wp-content\\\/uploads\\\/2023\\\/05\\\/kaupokalda-com-20190828-DJI_0061-kakerdaja-raba.webp&quot;}],&quot;background_slideshow_ken_burns&quot;:&quot;yes&quot;,&quot;background_slideshow_loop&quot;:&quot;yes&quot;,&quot;background_slideshow_slide_duration&quot;:5000,&quot;background_slideshow_slide_transition&quot;:&quot;fade&quot;,&quot;background_slideshow_transition_duration&quot;:500,&quot;background_slideshow_ken_burns_zoom_direction&quot;:&quot;in&quot;}\">\n\t\t\t\t\t\t\t<div class=\"elementor-background-overlay\"><\/div>\n\t\t\t\t\t\t\t<div class=\"elementor-container elementor-column-gap-default\">\n\t\t\t\t\t<div class=\"elementor-column elementor-col-100 elementor-top-column elementor-element elementor-element-d59b042\" data-id=\"d59b042\" data-element_type=\"column\" data-e-type=\"column\">\n\t\t\t<div class=\"elementor-widget-wrap elementor-element-populated\">\n\t\t\t\t\t\t<div class=\"elementor-element elementor-element-191920c textshadow elementor-widget elementor-widget-heading\" data-id=\"191920c\" data-element_type=\"widget\" data-e-type=\"widget\" data-widget_type=\"heading.default\">\n\t\t\t\t<div class=\"elementor-widget-container\">\n\t\t\t\t\t<h2 class=\"elementor-heading-title elementor-size-default\">Meist<\/h2>\t\t\t\t<\/div>\n\t\t\t\t<\/div>\n\t\t\t\t\t<\/div>\n\t\t<\/div>\n\t\t\t\t\t<\/div>\n\t\t<\/section>\n\t\t\t\t<section class=\"elementor-section elementor-top-section elementor-element elementor-element-a461979 elementor-section-boxed elementor-section-height-default elementor-section-height-default\" data-id=\"a461979\" data-element_type=\"section\" data-e-type=\"section\" data-settings=\"{&quot;background_background&quot;:&quot;classic&quot;}\">\n\t\t\t\t\t\t\t<div class=\"elementor-background-overlay\"><\/div>\n\t\t\t\t\t\t\t<div class=\"elementor-container elementor-column-gap-default\">\n\t\t\t\t\t<div class=\"elementor-column elementor-col-50 elementor-top-column elementor-element elementor-element-cd76378\" data-id=\"cd76378\" data-element_type=\"column\" data-e-type=\"column\">\n\t\t\t<div class=\"elementor-widget-wrap elementor-element-populated\">\n\t\t\t\t\t\t<div class=\"elementor-element elementor-element-c287746 elementor-invisible elementor-widget elementor-widget-heading\" data-id=\"c287746\" data-element_type=\"widget\" data-e-type=\"widget\" data-settings=\"{&quot;_animation&quot;:&quot;fadeInLeft&quot;}\" data-widget_type=\"heading.default\">\n\t\t\t\t<div class=\"elementor-widget-container\">\n\t\t\t\t\t<h2 class=\"elementor-heading-title elementor-size-default\">Patendib\u00fcroo\nRESTMARK  <\/h2>\t\t\t\t<\/div>\n\t\t\t\t<\/div>\n\t\t\t\t<div class=\"elementor-element elementor-element-c8fcab8 elementor-widget__width-auto elementor-absolute elementor-invisible elementor-widget elementor-widget-image\" data-id=\"c8fcab8\" data-element_type=\"widget\" data-e-type=\"widget\" data-settings=\"{&quot;_position&quot;:&quot;absolute&quot;,&quot;_animation&quot;:&quot;fadeInUp&quot;}\" data-widget_type=\"image.default\">\n\t\t\t\t<div class=\"elementor-widget-container\">\n\t\t\t\t\t\t\t\t\t\t\t\t\t\t\t<img fetchpriority=\"high\" decoding=\"async\" width=\"237\" height=\"290\" src=\"https:\/\/restmark.ee\/wp-content\/uploads\/2023\/04\/D-D\u00b5D\u00b6D\u00b8D\u00bc_D\u00b8D\u00b7D\u00beDN_N\u2020D\u00b8D\u00b8.png\" class=\"attachment-full size-full wp-image-726\" alt=\"\" \/>\t\t\t\t\t\t\t\t\t\t\t\t\t\t\t<\/div>\n\t\t\t\t<\/div>\n\t\t\t\t\t<\/div>\n\t\t<\/div>\n\t\t\t\t<div class=\"elementor-column elementor-col-50 elementor-top-column elementor-element elementor-element-74ee1ac1\" data-id=\"74ee1ac1\" data-element_type=\"column\" data-e-type=\"column\">\n\t\t\t<div class=\"elementor-widget-wrap elementor-element-populated\">\n\t\t\t\t\t\t<div class=\"elementor-element elementor-element-80c960a elementor-invisible elementor-widget elementor-widget-text-editor\" data-id=\"80c960a\" data-element_type=\"widget\" data-e-type=\"widget\" data-settings=\"{&quot;_animation&quot;:&quot;fadeIn&quot;}\" data-widget_type=\"text-editor.default\">\n\t\t\t\t<div class=\"elementor-widget-container\">\n\t\t\t\t\t\t\t\t\t<p>Patendib\u00fcroo RESTMARK pakub igak\u00fclgseid teenuseid intellektuaalomandi \u00f5iguskaitse alal. Pikaajaline kogemus ning rahvusvaheline koost\u00f6\u00f6partnerite v\u00f5rgustik v\u00f5imaldavad meil efektiivselt tegutseda intellektuaalomandi \u00f5iguskaitse korraldamisel nii Eestis, Euroopa Liidus kui ka \u00fclemaailmselt. <strong>Meie jaoks on oluline leida konkreetsed ja toimivad lahendused <em>teie<\/em> vajadustest l\u00e4htuvalt.<\/strong><\/p><p>Intellektuaalomandi eduka kaitse v\u00f5ti peitub \u00f5igeaegses reageerimises, mist\u00f5ttu tasub v\u00f5imalikele probleemidele m\u00f5elda veel enne, kui need tekkida j\u00f5uavad. Aitame teil j\u00f5uda optimaalsete lahendusteni enda loomet\u00f6\u00f6 kaitsmisel \u2013 paneme \u00fchiselt intellektuaalomandi \u00f5iguskaitse strateegia, vormistame lepingud ja muud \u00f5iguslikud dokumendid, korraldame vajalike registreeringute tegemise ning j\u00f5ushoidmise.<\/p><p>Esindame kliente Eesti Patendiametis, Euroopa Liidu Intellektuaalomandi Ametis (EUIPO), Maailma Intellektuaalomandi Organisatsioonis (WIPO), T\u00f6\u00f6stusomandi Apellatsioonikomisjonis, kohtutes, domeenivaidluse komisjonis ja teistes institutsioonides.<\/p><p>Kui \u00f5iguste rikkumine on juba toimunud, aitame sellele kiirelt ja konkreetselt reageerida.<\/p><p>Patendib\u00fcroo RESTMARK on Rahvusvahelise Kaubam\u00e4rgiassotsiatsiooni (International Trademark Association) liige.<\/p><p>T\u00e4nu pikaajalisele kogemusele, p\u00e4devatele ekspertidele ning headele partnerlussuhetele teiste professionaalidega <strong>oleme intellektuaalse omandi k\u00fcsimustes Teie usaldusv\u00e4\u00e4rseks partneriks.<\/strong><\/p>\t\t\t\t\t\t\t\t<\/div>\n\t\t\t\t<\/div>\n\t\t\t\t\t<\/div>\n\t\t<\/div>\n\t\t\t\t\t<\/div>\n\t\t<\/section>\n\t\t\t\t<section class=\"elementor-section elementor-top-section elementor-element elementor-element-f927e02 elementor-section-boxed elementor-section-height-default elementor-section-height-default\" data-id=\"f927e02\" data-element_type=\"section\" data-e-type=\"section\" id=\"patendivolinikud\" data-settings=\"{&quot;background_background&quot;:&quot;classic&quot;}\">\n\t\t\t\t\t\t<div class=\"elementor-container elementor-column-gap-default\">\n\t\t\t\t\t<div class=\"elementor-column elementor-col-100 elementor-top-column elementor-element elementor-element-655f824\" data-id=\"655f824\" data-element_type=\"column\" data-e-type=\"column\">\n\t\t\t<div class=\"elementor-widget-wrap elementor-element-populated\">\n\t\t\t\t\t\t<div class=\"elementor-element elementor-element-5b795db elementor-widget__width-auto highligh elementor-invisible elementor-widget elementor-widget-heading\" data-id=\"5b795db\" data-element_type=\"widget\" data-e-type=\"widget\" data-settings=\"{&quot;_animation&quot;:&quot;fadeInLeft&quot;}\" data-widget_type=\"heading.default\">\n\t\t\t\t<div class=\"elementor-widget-container\">\n\t\t\t\t\t<h2 class=\"elementor-heading-title elementor-size-default\">Patendivolinikud<\/h2>\t\t\t\t<\/div>\n\t\t\t\t<\/div>\n\t\t\t\t<section class=\"elementor-section elementor-inner-section elementor-element elementor-element-add47db elementor-section-content-middle elementor-section-boxed elementor-section-height-default elementor-section-height-default\" data-id=\"add47db\" data-element_type=\"section\" data-e-type=\"section\">\n\t\t\t\t\t\t<div class=\"elementor-container elementor-column-gap-default\">\n\t\t\t\t\t<div class=\"elementor-column elementor-col-50 elementor-inner-column elementor-element elementor-element-b18f62f elementor-invisible\" data-id=\"b18f62f\" data-element_type=\"column\" data-e-type=\"column\" data-settings=\"{&quot;animation&quot;:&quot;fadeInUp&quot;}\">\n\t\t\t<div class=\"elementor-widget-wrap elementor-element-populated\">\n\t\t\t\t\t\t<div class=\"elementor-element elementor-element-510b6b0 elementor-widget elementor-widget-image\" data-id=\"510b6b0\" data-element_type=\"widget\" data-e-type=\"widget\" data-widget_type=\"image.default\">\n\t\t\t\t<div class=\"elementor-widget-container\">\n\t\t\t\t\t\t\t\t\t\t\t\t\t\t\t\t<a href=\"https:\/\/restmark.ee\/et\/kaie-puur\/\">\n\t\t\t\t\t\t\t<img decoding=\"async\" width=\"408\" height=\"612\" src=\"https:\/\/restmark.ee\/wp-content\/uploads\/2023\/05\/NME6057-min-removebg-preview-1.png\" class=\"elementor-animation-float attachment-full size-full wp-image-917\" alt=\"\" srcset=\"https:\/\/restmark.ee\/wp-content\/uploads\/2023\/05\/NME6057-min-removebg-preview-1.png 408w, https:\/\/restmark.ee\/wp-content\/uploads\/2023\/05\/NME6057-min-removebg-preview-1-200x300.png 200w\" sizes=\"(max-width: 408px) 100vw, 408px\" \/>\t\t\t\t\t\t\t\t<\/a>\n\t\t\t\t\t\t\t\t\t\t\t\t\t\t\t<\/div>\n\t\t\t\t<\/div>\n\t\t\t\t<div class=\"elementor-element elementor-element-e2c0030 elementor-widget__width-auto elementor-widget elementor-widget-heading\" data-id=\"e2c0030\" data-element_type=\"widget\" data-e-type=\"widget\" data-widget_type=\"heading.default\">\n\t\t\t\t<div class=\"elementor-widget-container\">\n\t\t\t\t\t<h2 class=\"elementor-heading-title elementor-size-default\"><a href=\"https:\/\/restmark.ee\/et\/kaie-puur\/\">Kaie Puur<\/a><\/h2>\t\t\t\t<\/div>\n\t\t\t\t<\/div>\n\t\t\t\t<div class=\"elementor-element elementor-element-463ca38 elementor-align-center elementor-icon-list--layout-traditional elementor-list-item-link-full_width elementor-widget elementor-widget-icon-list\" data-id=\"463ca38\" data-element_type=\"widget\" data-e-type=\"widget\" data-widget_type=\"icon-list.default\">\n\t\t\t\t<div class=\"elementor-widget-container\">\n\t\t\t\t\t\t\t<ul class=\"elementor-icon-list-items\">\n\t\t\t\t\t\t\t<li class=\"elementor-icon-list-item\">\n\t\t\t\t\t\t\t\t\t\t\t<span class=\"elementor-icon-list-icon\">\n\t\t\t\t\t\t\t<i aria-hidden=\"true\" class=\"far fa-dot-circle\"><\/i>\t\t\t\t\t\t<\/span>\n\t\t\t\t\t\t\t\t\t\t<span class=\"elementor-icon-list-text\">Euroopa \u00dchenduse kaubam\u00e4rgi- <br>ja disainivolinik<\/span>\n\t\t\t\t\t\t\t\t\t<\/li>\n\t\t\t\t\t\t\t\t<li class=\"elementor-icon-list-item\">\n\t\t\t\t\t\t\t\t\t\t\t<span class=\"elementor-icon-list-icon\">\n\t\t\t\t\t\t\t<i aria-hidden=\"true\" class=\"far fa-dot-circle\"><\/i>\t\t\t\t\t\t<\/span>\n\t\t\t\t\t\t\t\t\t\t<span class=\"elementor-icon-list-text\">Eesti patendivolinik<\/span>\n\t\t\t\t\t\t\t\t\t<\/li>\n\t\t\t\t\t\t\t\t<li class=\"elementor-icon-list-item\">\n\t\t\t\t\t\t\t\t\t\t\t<span class=\"elementor-icon-list-icon\">\n\t\t\t\t\t\t\t<i aria-hidden=\"true\" class=\"far fa-dot-circle\"><\/i>\t\t\t\t\t\t<\/span>\n\t\t\t\t\t\t\t\t\t\t<span class=\"elementor-icon-list-text\">Partner<\/span>\n\t\t\t\t\t\t\t\t\t<\/li>\n\t\t\t\t\t\t<\/ul>\n\t\t\t\t\t\t<\/div>\n\t\t\t\t<\/div>\n\t\t\t\t<div class=\"elementor-element elementor-element-1b9188e elementor-align-center elementor-widget elementor-widget-button\" data-id=\"1b9188e\" data-element_type=\"widget\" data-e-type=\"widget\" data-widget_type=\"button.default\">\n\t\t\t\t<div class=\"elementor-widget-container\">\n\t\t\t\t\t\t\t\t\t<div class=\"elementor-button-wrapper\">\n\t\t\t\t\t<a class=\"elementor-button elementor-button-link elementor-size-sm\" href=\"https:\/\/restmark.ee\/et\/kaie-puur\/\">\n\t\t\t\t\t\t<span class=\"elementor-button-content-wrapper\">\n\t\t\t\t\t\t\t\t\t<span class=\"elementor-button-text\">Loe edasi<\/span>\n\t\t\t\t\t<\/span>\n\t\t\t\t\t<\/a>\n\t\t\t\t<\/div>\n\t\t\t\t\t\t\t\t<\/div>\n\t\t\t\t<\/div>\n\t\t\t\t\t<\/div>\n\t\t<\/div>\n\t\t\t\t<div class=\"elementor-column elementor-col-50 elementor-inner-column elementor-element elementor-element-66d0bf2 elementor-invisible\" data-id=\"66d0bf2\" data-element_type=\"column\" data-e-type=\"column\" data-settings=\"{&quot;animation&quot;:&quot;fadeInUp&quot;}\">\n\t\t\t<div class=\"elementor-widget-wrap elementor-element-populated\">\n\t\t\t\t\t\t<div class=\"elementor-element elementor-element-b4cd260 elementor-widget elementor-widget-image\" data-id=\"b4cd260\" data-element_type=\"widget\" data-e-type=\"widget\" data-widget_type=\"image.default\">\n\t\t\t\t<div class=\"elementor-widget-container\">\n\t\t\t\t\t\t\t\t\t\t\t\t\t\t\t\t<a href=\"https:\/\/restmark.ee\/et\/leevi-markus\/\">\n\t\t\t\t\t\t\t<img decoding=\"async\" width=\"408\" height=\"612\" src=\"https:\/\/restmark.ee\/wp-content\/uploads\/2023\/05\/NME5905-min-removebg-preview.png\" class=\"elementor-animation-float attachment-full size-full wp-image-879\" alt=\"\" srcset=\"https:\/\/restmark.ee\/wp-content\/uploads\/2023\/05\/NME5905-min-removebg-preview.png 408w, https:\/\/restmark.ee\/wp-content\/uploads\/2023\/05\/NME5905-min-removebg-preview-200x300.png 200w\" sizes=\"(max-width: 408px) 100vw, 408px\" \/>\t\t\t\t\t\t\t\t<\/a>\n\t\t\t\t\t\t\t\t\t\t\t\t\t\t\t<\/div>\n\t\t\t\t<\/div>\n\t\t\t\t<div class=\"elementor-element elementor-element-26c0b5e elementor-widget__width-auto elementor-widget elementor-widget-heading\" data-id=\"26c0b5e\" data-element_type=\"widget\" data-e-type=\"widget\" data-widget_type=\"heading.default\">\n\t\t\t\t<div class=\"elementor-widget-container\">\n\t\t\t\t\t<h2 class=\"elementor-heading-title elementor-size-default\"><a href=\"https:\/\/restmark.ee\/et\/leevi-markus\/\">Leevi Markus<\/a><\/h2>\t\t\t\t<\/div>\n\t\t\t\t<\/div>\n\t\t\t\t<div class=\"elementor-element elementor-element-8c73769 elementor-align-center elementor-icon-list--layout-traditional elementor-list-item-link-full_width elementor-widget elementor-widget-icon-list\" data-id=\"8c73769\" data-element_type=\"widget\" data-e-type=\"widget\" data-widget_type=\"icon-list.default\">\n\t\t\t\t<div class=\"elementor-widget-container\">\n\t\t\t\t\t\t\t<ul class=\"elementor-icon-list-items\">\n\t\t\t\t\t\t\t<li class=\"elementor-icon-list-item\">\n\t\t\t\t\t\t\t\t\t\t\t<span class=\"elementor-icon-list-icon\">\n\t\t\t\t\t\t\t<i aria-hidden=\"true\" class=\"far fa-dot-circle\"><\/i>\t\t\t\t\t\t<\/span>\n\t\t\t\t\t\t\t\t\t\t<span class=\"elementor-icon-list-text\">Eesti patendivolinik<\/span>\n\t\t\t\t\t\t\t\t\t<\/li>\n\t\t\t\t\t\t<\/ul>\n\t\t\t\t\t\t<\/div>\n\t\t\t\t<\/div>\n\t\t\t\t<div class=\"elementor-element elementor-element-72987c2 elementor-align-center elementor-widget elementor-widget-button\" data-id=\"72987c2\" data-element_type=\"widget\" data-e-type=\"widget\" data-widget_type=\"button.default\">\n\t\t\t\t<div class=\"elementor-widget-container\">\n\t\t\t\t\t\t\t\t\t<div class=\"elementor-button-wrapper\">\n\t\t\t\t\t<a class=\"elementor-button elementor-button-link elementor-size-sm\" href=\"https:\/\/restmark.ee\/et\/leevi-markus\/\">\n\t\t\t\t\t\t<span class=\"elementor-button-content-wrapper\">\n\t\t\t\t\t\t\t\t\t<span class=\"elementor-button-text\">Loe edasi<\/span>\n\t\t\t\t\t<\/span>\n\t\t\t\t\t<\/a>\n\t\t\t\t<\/div>\n\t\t\t\t\t\t\t\t<\/div>\n\t\t\t\t<\/div>\n\t\t\t\t\t<\/div>\n\t\t<\/div>\n\t\t\t\t\t<\/div>\n\t\t<\/section>\n\t\t\t\t\t<\/div>\n\t\t<\/div>\n\t\t\t\t\t<\/div>\n\t\t<\/section>\n\t\t\t\t<\/div>\n\t\t","protected":false},"excerpt":{"rendered":"<p>Meist Patendib\u00fcroo RESTMARK Patendib\u00fcroo RESTMARK pakub igak\u00fclgseid teenuseid intellektuaalomandi \u00f5iguskaitse alal. Pikaajaline kogemus ning rahvusvaheline koost\u00f6\u00f6partnerite v\u00f5rgustik v\u00f5imaldavad meil efektiivselt tegutseda intellektuaalomandi \u00f5iguskaitse korraldamisel nii Eestis, Euroopa Liidus kui ka \u00fclemaailmselt. Meie jaoks on oluline leida konkreetsed ja toimivad lahendused teie vajadustest l\u00e4htuvalt. Intellektuaalomandi eduka kaitse v\u00f5ti peitub \u00f5igeaegses reageerimises, mist\u00f5ttu tasub v\u00f5imalikele probleemidele m\u00f5elda [&hellip;]<\/p>\n","protected":false},"author":3,"featured_media":0,"parent":0,"menu_order":0,"comment_status":"closed","ping_status":"closed","template":"elementor_header_footer","meta":{"inline_featured_image":false,"footnotes":""},"class_list":["post-814","page","type-page","status-publish","hentry"],"yoast_head":"<!-- This site is optimized with the Yoast SEO plugin v27.3 - https:\/\/yoast.com\/product\/yoast-seo-wordpress\/ -->\n<title>Meist - Restmark<\/title>\n<meta name=\"robots\" content=\"index, follow, max-snippet:-1, max-image-preview:large, max-video-preview:-1\" \/>\n<link rel=\"canonical\" href=\"https:\/\/restmark.ee\/et\/meist\/\" \/>\n<meta property=\"og:locale\" content=\"et_EE\" \/>\n<meta property=\"og:type\" content=\"article\" \/>\n<meta property=\"og:title\" content=\"Meist - Restmark\" \/>\n<meta property=\"og:description\" content=\"Meist Patendib\u00fcroo RESTMARK Patendib\u00fcroo RESTMARK pakub igak\u00fclgseid teenuseid intellektuaalomandi \u00f5iguskaitse alal. Pikaajaline kogemus ning rahvusvaheline koost\u00f6\u00f6partnerite v\u00f5rgustik v\u00f5imaldavad meil efektiivselt tegutseda intellektuaalomandi \u00f5iguskaitse korraldamisel nii Eestis, Euroopa Liidus kui ka \u00fclemaailmselt. Meie jaoks on oluline leida konkreetsed ja toimivad lahendused teie vajadustest l\u00e4htuvalt. Intellektuaalomandi eduka kaitse v\u00f5ti peitub \u00f5igeaegses reageerimises, mist\u00f5ttu tasub v\u00f5imalikele probleemidele m\u00f5elda [&hellip;]\" \/>\n<meta property=\"og:url\" content=\"https:\/\/restmark.ee\/et\/meist\/\" \/>\n<meta property=\"og:site_name\" content=\"Restmark\" \/>\n<meta property=\"article:modified_time\" content=\"2023-11-17T14:03:50+00:00\" \/>\n<meta property=\"og:image\" content=\"https:\/\/restmark.ee\/wp-content\/uploads\/2023\/05\/NME6057-min-removebg-preview-1.png\" \/>\n<meta name=\"twitter:card\" content=\"summary_large_image\" \/>\n<meta name=\"twitter:label1\" content=\"Est. reading time\" \/>\n\t<meta name=\"twitter:data1\" content=\"2 minutit\" \/>\n<script type=\"application\/ld+json\" class=\"yoast-schema-graph\">{\"@context\":\"https:\\\/\\\/schema.org\",\"@graph\":[{\"@type\":\"WebPage\",\"@id\":\"https:\\\/\\\/restmark.ee\\\/et\\\/meist\\\/\",\"url\":\"https:\\\/\\\/restmark.ee\\\/et\\\/meist\\\/\",\"name\":\"Meist - Restmark\",\"isPartOf\":{\"@id\":\"https:\\\/\\\/restmark.ee\\\/et\\\/#website\"},\"primaryImageOfPage\":{\"@id\":\"https:\\\/\\\/restmark.ee\\\/et\\\/meist\\\/#primaryimage\"},\"image\":{\"@id\":\"https:\\\/\\\/restmark.ee\\\/et\\\/meist\\\/#primaryimage\"},\"thumbnailUrl\":\"https:\\\/\\\/restmark.ee\\\/wp-content\\\/uploads\\\/2023\\\/05\\\/NME6057-min-removebg-preview-1.png\",\"datePublished\":\"2023-05-08T09:37:13+00:00\",\"dateModified\":\"2023-11-17T14:03:50+00:00\",\"breadcrumb\":{\"@id\":\"https:\\\/\\\/restmark.ee\\\/et\\\/meist\\\/#breadcrumb\"},\"inLanguage\":\"et\",\"potentialAction\":[{\"@type\":\"ReadAction\",\"target\":[\"https:\\\/\\\/restmark.ee\\\/et\\\/meist\\\/\"]}]},{\"@type\":\"ImageObject\",\"inLanguage\":\"et\",\"@id\":\"https:\\\/\\\/restmark.ee\\\/et\\\/meist\\\/#primaryimage\",\"url\":\"https:\\\/\\\/restmark.ee\\\/wp-content\\\/uploads\\\/2023\\\/05\\\/NME6057-min-removebg-preview-1.png\",\"contentUrl\":\"https:\\\/\\\/restmark.ee\\\/wp-content\\\/uploads\\\/2023\\\/05\\\/NME6057-min-removebg-preview-1.png\"},{\"@type\":\"BreadcrumbList\",\"@id\":\"https:\\\/\\\/restmark.ee\\\/et\\\/meist\\\/#breadcrumb\",\"itemListElement\":[{\"@type\":\"ListItem\",\"position\":1,\"name\":\"Home\",\"item\":\"https:\\\/\\\/restmark.ee\\\/et\\\/\"},{\"@type\":\"ListItem\",\"position\":2,\"name\":\"Meist\"}]},{\"@type\":\"WebSite\",\"@id\":\"https:\\\/\\\/restmark.ee\\\/et\\\/#website\",\"url\":\"https:\\\/\\\/restmark.ee\\\/et\\\/\",\"name\":\"Restmark\",\"description\":\"Patendib&uuml;roo Restmark O&Uuml;\",\"publisher\":{\"@id\":\"https:\\\/\\\/restmark.ee\\\/et\\\/#organization\"},\"alternateName\":\"Restmark\",\"potentialAction\":[{\"@type\":\"SearchAction\",\"target\":{\"@type\":\"EntryPoint\",\"urlTemplate\":\"https:\\\/\\\/restmark.ee\\\/et\\\/?s={search_term_string}\"},\"query-input\":{\"@type\":\"PropertyValueSpecification\",\"valueRequired\":true,\"valueName\":\"search_term_string\"}}],\"inLanguage\":\"et\"},{\"@type\":\"Organization\",\"@id\":\"https:\\\/\\\/restmark.ee\\\/et\\\/#organization\",\"name\":\"Restmark\",\"alternateName\":\"Restmark\",\"url\":\"https:\\\/\\\/restmark.ee\\\/et\\\/\",\"logo\":{\"@type\":\"ImageObject\",\"inLanguage\":\"et\",\"@id\":\"https:\\\/\\\/restmark.ee\\\/et\\\/#\\\/schema\\\/logo\\\/image\\\/\",\"url\":\"https:\\\/\\\/restmark.ee\\\/wp-content\\\/uploads\\\/2023\\\/04\\\/resmark_3_-_kuldne__sinine-removebg-preview-1.png\",\"contentUrl\":\"https:\\\/\\\/restmark.ee\\\/wp-content\\\/uploads\\\/2023\\\/04\\\/resmark_3_-_kuldne__sinine-removebg-preview-1.png\",\"width\":957,\"height\":177,\"caption\":\"Restmark\"},\"image\":{\"@id\":\"https:\\\/\\\/restmark.ee\\\/et\\\/#\\\/schema\\\/logo\\\/image\\\/\"}}]}<\/script>\n<!-- \/ Yoast SEO plugin. -->","yoast_head_json":{"title":"Meist - Restmark","robots":{"index":"index","follow":"follow","max-snippet":"max-snippet:-1","max-image-preview":"max-image-preview:large","max-video-preview":"max-video-preview:-1"},"canonical":"https:\/\/restmark.ee\/et\/meist\/","og_locale":"et_EE","og_type":"article","og_title":"Meist - Restmark","og_description":"Meist Patendib\u00fcroo RESTMARK Patendib\u00fcroo RESTMARK pakub igak\u00fclgseid teenuseid intellektuaalomandi \u00f5iguskaitse alal. Pikaajaline kogemus ning rahvusvaheline koost\u00f6\u00f6partnerite v\u00f5rgustik v\u00f5imaldavad meil efektiivselt tegutseda intellektuaalomandi \u00f5iguskaitse korraldamisel nii Eestis, Euroopa Liidus kui ka \u00fclemaailmselt. Meie jaoks on oluline leida konkreetsed ja toimivad lahendused teie vajadustest l\u00e4htuvalt. Intellektuaalomandi eduka kaitse v\u00f5ti peitub \u00f5igeaegses reageerimises, mist\u00f5ttu tasub v\u00f5imalikele probleemidele m\u00f5elda [&hellip;]","og_url":"https:\/\/restmark.ee\/et\/meist\/","og_site_name":"Restmark","article_modified_time":"2023-11-17T14:03:50+00:00","og_image":[{"url":"https:\/\/restmark.ee\/wp-content\/uploads\/2023\/05\/NME6057-min-removebg-preview-1.png","type":"","width":"","height":""}],"twitter_card":"summary_large_image","twitter_misc":{"Est. reading time":"2 minutit"},"schema":{"@context":"https:\/\/schema.org","@graph":[{"@type":"WebPage","@id":"https:\/\/restmark.ee\/et\/meist\/","url":"https:\/\/restmark.ee\/et\/meist\/","name":"Meist - Restmark","isPartOf":{"@id":"https:\/\/restmark.ee\/et\/#website"},"primaryImageOfPage":{"@id":"https:\/\/restmark.ee\/et\/meist\/#primaryimage"},"image":{"@id":"https:\/\/restmark.ee\/et\/meist\/#primaryimage"},"thumbnailUrl":"https:\/\/restmark.ee\/wp-content\/uploads\/2023\/05\/NME6057-min-removebg-preview-1.png","datePublished":"2023-05-08T09:37:13+00:00","dateModified":"2023-11-17T14:03:50+00:00","breadcrumb":{"@id":"https:\/\/restmark.ee\/et\/meist\/#breadcrumb"},"inLanguage":"et","potentialAction":[{"@type":"ReadAction","target":["https:\/\/restmark.ee\/et\/meist\/"]}]},{"@type":"ImageObject","inLanguage":"et","@id":"https:\/\/restmark.ee\/et\/meist\/#primaryimage","url":"https:\/\/restmark.ee\/wp-content\/uploads\/2023\/05\/NME6057-min-removebg-preview-1.png","contentUrl":"https:\/\/restmark.ee\/wp-content\/uploads\/2023\/05\/NME6057-min-removebg-preview-1.png"},{"@type":"BreadcrumbList","@id":"https:\/\/restmark.ee\/et\/meist\/#breadcrumb","itemListElement":[{"@type":"ListItem","position":1,"name":"Home","item":"https:\/\/restmark.ee\/et\/"},{"@type":"ListItem","position":2,"name":"Meist"}]},{"@type":"WebSite","@id":"https:\/\/restmark.ee\/et\/#website","url":"https:\/\/restmark.ee\/et\/","name":"Restmark","description":"Patendib&uuml;roo Restmark O&Uuml;","publisher":{"@id":"https:\/\/restmark.ee\/et\/#organization"},"alternateName":"Restmark","potentialAction":[{"@type":"SearchAction","target":{"@type":"EntryPoint","urlTemplate":"https:\/\/restmark.ee\/et\/?s={search_term_string}"},"query-input":{"@type":"PropertyValueSpecification","valueRequired":true,"valueName":"search_term_string"}}],"inLanguage":"et"},{"@type":"Organization","@id":"https:\/\/restmark.ee\/et\/#organization","name":"Restmark","alternateName":"Restmark","url":"https:\/\/restmark.ee\/et\/","logo":{"@type":"ImageObject","inLanguage":"et","@id":"https:\/\/restmark.ee\/et\/#\/schema\/logo\/image\/","url":"https:\/\/restmark.ee\/wp-content\/uploads\/2023\/04\/resmark_3_-_kuldne__sinine-removebg-preview-1.png","contentUrl":"https:\/\/restmark.ee\/wp-content\/uploads\/2023\/04\/resmark_3_-_kuldne__sinine-removebg-preview-1.png","width":957,"height":177,"caption":"Restmark"},"image":{"@id":"https:\/\/restmark.ee\/et\/#\/schema\/logo\/image\/"}}]}},"_links":{"self":[{"href":"https:\/\/restmark.ee\/et\/wp-json\/wp\/v2\/pages\/814","targetHints":{"allow":["GET"]}}],"collection":[{"href":"https:\/\/restmark.ee\/et\/wp-json\/wp\/v2\/pages"}],"about":[{"href":"https:\/\/restmark.ee\/et\/wp-json\/wp\/v2\/types\/page"}],"author":[{"embeddable":true,"href":"https:\/\/restmark.ee\/et\/wp-json\/wp\/v2\/users\/3"}],"replies":[{"embeddable":true,"href":"https:\/\/restmark.ee\/et\/wp-json\/wp\/v2\/comments?post=814"}],"version-history":[{"count":24,"href":"https:\/\/restmark.ee\/et\/wp-json\/wp\/v2\/pages\/814\/revisions"}],"predecessor-version":[{"id":1308,"href":"https:\/\/restmark.ee\/et\/wp-json\/wp\/v2\/pages\/814\/revisions\/1308"}],"wp:attachment":[{"href":"https:\/\/restmark.ee\/et\/wp-json\/wp\/v2\/media?parent=814"}],"curies":[{"name":"wp","href":"https:\/\/api.w.org\/{rel}","templated":true}]}}