{"id":837,"date":"2023-05-08T11:05:05","date_gmt":"2023-05-08T08:05:05","guid":{"rendered":"https:\/\/restmark.ee\/kaie-puur\/"},"modified":"2025-07-30T16:30:52","modified_gmt":"2025-07-30T13:30:52","slug":"kaie-puur","status":"publish","type":"page","link":"https:\/\/restmark.ee\/et\/kaie-puur\/","title":{"rendered":"Kaie Puur"},"content":{"rendered":"\t\t<div data-elementor-type=\"wp-page\" data-elementor-id=\"837\" class=\"elementor elementor-837 elementor-410\" data-elementor-post-type=\"page\">\n\t\t\t\t\t\t<section class=\"elementor-section elementor-top-section elementor-element elementor-element-34a451d elementor-section-content-middle elementor-section-boxed elementor-section-height-default elementor-section-height-default\" data-id=\"34a451d\" data-element_type=\"section\" data-e-type=\"section\" data-settings=\"{&quot;background_background&quot;:&quot;gradient&quot;}\">\n\t\t\t\t\t\t<div class=\"elementor-container elementor-column-gap-no\">\n\t\t\t\t\t<div class=\"elementor-column elementor-col-50 elementor-top-column elementor-element elementor-element-6174328c\" data-id=\"6174328c\" data-element_type=\"column\" data-e-type=\"column\">\n\t\t\t<div class=\"elementor-widget-wrap elementor-element-populated\">\n\t\t\t\t\t\t<section class=\"elementor-section elementor-inner-section elementor-element elementor-element-6ed1d04 elementor-section-boxed elementor-section-height-default elementor-section-height-default\" data-id=\"6ed1d04\" data-element_type=\"section\" data-e-type=\"section\" data-settings=\"{&quot;sticky&quot;:&quot;top&quot;,&quot;sticky_parent&quot;:&quot;yes&quot;,&quot;sticky_on&quot;:[&quot;desktop&quot;,&quot;tablet&quot;,&quot;mobile&quot;],&quot;sticky_offset&quot;:0,&quot;sticky_effects_offset&quot;:0,&quot;sticky_anchor_link_offset&quot;:0}\">\n\t\t\t\t\t\t<div class=\"elementor-container elementor-column-gap-default\">\n\t\t\t\t\t<div class=\"elementor-column elementor-col-100 elementor-inner-column elementor-element elementor-element-fbfb9f4\" data-id=\"fbfb9f4\" data-element_type=\"column\" data-e-type=\"column\">\n\t\t\t<div class=\"elementor-widget-wrap elementor-element-populated\">\n\t\t\t\t\t\t<div class=\"elementor-element elementor-element-e8677fa elementor-widget elementor-widget-image\" data-id=\"e8677fa\" data-element_type=\"widget\" data-e-type=\"widget\" data-widget_type=\"image.default\">\n\t\t\t\t<div class=\"elementor-widget-container\">\n\t\t\t\t\t\t\t\t\t\t\t\t\t\t\t\t<a href=\"https:\/\/restmark.ee\/et\/kaie-puur\/\">\n\t\t\t\t\t\t\t<img fetchpriority=\"high\" decoding=\"async\" width=\"408\" height=\"612\" src=\"https:\/\/restmark.ee\/wp-content\/uploads\/2023\/05\/NME6057-min-removebg-preview-1.png\" class=\"elementor-animation-float attachment-full size-full wp-image-917\" alt=\"\" srcset=\"https:\/\/restmark.ee\/wp-content\/uploads\/2023\/05\/NME6057-min-removebg-preview-1.png 408w, https:\/\/restmark.ee\/wp-content\/uploads\/2023\/05\/NME6057-min-removebg-preview-1-200x300.png 200w\" sizes=\"(max-width: 408px) 100vw, 408px\" \/>\t\t\t\t\t\t\t\t<\/a>\n\t\t\t\t\t\t\t\t\t\t\t\t\t\t\t<\/div>\n\t\t\t\t<\/div>\n\t\t\t\t<div class=\"elementor-element elementor-element-5462f8e1 elementor-widget__width-auto elementor-widget elementor-widget-heading\" data-id=\"5462f8e1\" data-element_type=\"widget\" data-e-type=\"widget\" data-widget_type=\"heading.default\">\n\t\t\t\t<div class=\"elementor-widget-container\">\n\t\t\t\t\t<h3 class=\"elementor-heading-title elementor-size-default\">Kaie Puur<\/h3>\t\t\t\t<\/div>\n\t\t\t\t<\/div>\n\t\t\t\t<div class=\"elementor-element elementor-element-3c7a0fdd elementor-widget-divider--view-line elementor-widget elementor-widget-divider\" data-id=\"3c7a0fdd\" data-element_type=\"widget\" data-e-type=\"widget\" data-widget_type=\"divider.default\">\n\t\t\t\t<div class=\"elementor-widget-container\">\n\t\t\t\t\t\t\t<div class=\"elementor-divider\">\n\t\t\t<span class=\"elementor-divider-separator\">\n\t\t\t\t\t\t<\/span>\n\t\t<\/div>\n\t\t\t\t\t\t<\/div>\n\t\t\t\t<\/div>\n\t\t\t\t<div class=\"elementor-element elementor-element-b0fbc30 elementor-align-start elementor-tablet-align-center elementor-icon-list--layout-traditional elementor-list-item-link-full_width elementor-widget elementor-widget-icon-list\" data-id=\"b0fbc30\" data-element_type=\"widget\" data-e-type=\"widget\" data-widget_type=\"icon-list.default\">\n\t\t\t\t<div class=\"elementor-widget-container\">\n\t\t\t\t\t\t\t<ul class=\"elementor-icon-list-items\">\n\t\t\t\t\t\t\t<li class=\"elementor-icon-list-item\">\n\t\t\t\t\t\t\t\t\t\t\t<span class=\"elementor-icon-list-icon\">\n\t\t\t\t\t\t\t<i aria-hidden=\"true\" class=\"far fa-dot-circle\"><\/i>\t\t\t\t\t\t<\/span>\n\t\t\t\t\t\t\t\t\t\t<span class=\"elementor-icon-list-text\">Euroopa \u00dchenduse kaubam\u00e4rgi- ja disainivolinik<\/span>\n\t\t\t\t\t\t\t\t\t<\/li>\n\t\t\t\t\t\t\t\t<li class=\"elementor-icon-list-item\">\n\t\t\t\t\t\t\t\t\t\t\t<span class=\"elementor-icon-list-icon\">\n\t\t\t\t\t\t\t<i aria-hidden=\"true\" class=\"far fa-dot-circle\"><\/i>\t\t\t\t\t\t<\/span>\n\t\t\t\t\t\t\t\t\t\t<span class=\"elementor-icon-list-text\">Eesti patendivolinik<\/span>\n\t\t\t\t\t\t\t\t\t<\/li>\n\t\t\t\t\t\t\t\t<li class=\"elementor-icon-list-item\">\n\t\t\t\t\t\t\t\t\t\t\t<span class=\"elementor-icon-list-icon\">\n\t\t\t\t\t\t\t<i aria-hidden=\"true\" class=\"far fa-dot-circle\"><\/i>\t\t\t\t\t\t<\/span>\n\t\t\t\t\t\t\t\t\t\t<span class=\"elementor-icon-list-text\">Partner<\/span>\n\t\t\t\t\t\t\t\t\t<\/li>\n\t\t\t\t\t\t\t\t<li class=\"elementor-icon-list-item\">\n\t\t\t\t\t\t\t\t\t\t\t<span class=\"elementor-icon-list-icon\">\n\t\t\t\t\t\t\t<i aria-hidden=\"true\" class=\"far fa-dot-circle\"><\/i>\t\t\t\t\t\t<\/span>\n\t\t\t\t\t\t\t\t\t\t<span class=\"elementor-icon-list-text\">Keeled: eesti, inglise, vene<\/span>\n\t\t\t\t\t\t\t\t\t<\/li>\n\t\t\t\t\t\t\t\t<li class=\"elementor-icon-list-item\">\n\t\t\t\t\t\t\t\t\t\t\t<a href=\"mailto:%20kaie.puur@restmark.ee\">\n\n\t\t\t\t\t\t\t\t\t\t\t\t<span class=\"elementor-icon-list-icon\">\n\t\t\t\t\t\t\t<i aria-hidden=\"true\" class=\"far fa-envelope\"><\/i>\t\t\t\t\t\t<\/span>\n\t\t\t\t\t\t\t\t\t\t<span class=\"elementor-icon-list-text\"><b>kaie.puur@restmark.ee<\/b><\/span>\n\t\t\t\t\t\t\t\t\t\t\t<\/a>\n\t\t\t\t\t\t\t\t\t<\/li>\n\t\t\t\t\t\t<\/ul>\n\t\t\t\t\t\t<\/div>\n\t\t\t\t<\/div>\n\t\t\t\t\t<\/div>\n\t\t<\/div>\n\t\t\t\t\t<\/div>\n\t\t<\/section>\n\t\t\t\t\t<\/div>\n\t\t<\/div>\n\t\t\t\t<div class=\"elementor-column elementor-col-50 elementor-top-column elementor-element elementor-element-748df8c8\" data-id=\"748df8c8\" data-element_type=\"column\" data-e-type=\"column\">\n\t\t\t<div class=\"elementor-widget-wrap elementor-element-populated\">\n\t\t\t\t\t\t<div class=\"elementor-element elementor-element-1b6fe90b elementor-widget elementor-widget-text-editor\" data-id=\"1b6fe90b\" data-element_type=\"widget\" data-e-type=\"widget\" data-widget_type=\"text-editor.default\">\n\t\t\t\t<div class=\"elementor-widget-container\">\n\t\t\t\t\t\t\t\t\t<p>Kaie Puur on Patendib\u00fcroo RESTMARK asutaja ja partner. Ta on riiklikult atesteeritud patendivolinik kaubam\u00e4rkide ja t\u00f6\u00f6stusdisainilahenduste valdkonnas alates 2000. aastast, leiutiste valdkonnas alates 2013. aastast ning Euroopa kaubam\u00e4rgi- ja disainivolinik alates 2004. aastast.<\/p><p>Aastatel 2019-2025 oli Kaie Puur Patendivolinike Koja juhatuse liige.<\/p><p>Kaie Puuril on pikaajaline kogemus intellektuaalomandi kaitse valdkonnas nii kohalikul kui rahvusvahelisel tasandil. Ta on edukalt kaitsnud oma klientide huve rohketes kaubam\u00e4rgivaidlustes ja intellektuaalomandiga seotud l\u00e4bir\u00e4\u00e4kimistel.<br \/>Kaie Puur on INTA aktiivne liige ning mitmete kohalikul ja rahvusvahelisel tasandil publitseeritud intellektuaalomandi teemaliste artiklite autor. \u00dchtlasi on ta olnud nii osaleja kui ka esinejana \u00fclemaailmsetel intellektuaalomandi teemalistel seminaridel ja konverentsidel.<\/p><p><strong>Intellektuaalomandi \u00f5iguskaitse alane t\u00f6\u00f6kogemus:<\/strong><br \/>1994\u20132008 Patendib\u00fcroo K\u00e4osaar &amp; Co, t\u00f6\u00f6stusdisaini \u00f5iguskaitse osakonna juhataja, patendivolinik<br \/>2008\u20132009 Advokaadib\u00fcroo Rando Antsm\u00e4e, patendivolinik ja jurist<br \/>Alates 2009 Patendib\u00fcroo RESTMARK, partner, patendivolinik<\/p><p><strong>Haridus:<\/strong><br \/>1991 Tartu \u00dclikool, filoloogia<br \/>2000 Tartu \u00dclikool, \u00f5igusteadus<br \/><strong>Erialane t\u00e4iendkoolitus:<\/strong><br \/>&#8211; kaubam\u00e4rgi\u00f5iguse koolitus \u201eUS Trademark Law and Practice\u201c USA-s 1995. aastal; <br \/>&#8211; arvukad intellektuaalomandi \u00f5iguskaitse alased seminarid ja konverentsid Eestis ja v\u00e4lisriikides.<\/p>\t\t\t\t\t\t\t\t<\/div>\n\t\t\t\t<\/div>\n\t\t\t\t\t<\/div>\n\t\t<\/div>\n\t\t\t\t\t<\/div>\n\t\t<\/section>\n\t\t\t\t<\/div>\n\t\t","protected":false},"excerpt":{"rendered":"<p>Kaie Puur Euroopa \u00dchenduse kaubam\u00e4rgi- ja disainivolinik Eesti patendivolinik Partner Keeled: eesti, inglise, vene kaie.puur@restmark.ee Kaie Puur on Patendib\u00fcroo RESTMARK asutaja ja partner. Ta on riiklikult atesteeritud patendivolinik kaubam\u00e4rkide ja t\u00f6\u00f6stusdisainilahenduste valdkonnas alates 2000. aastast, leiutiste valdkonnas alates 2013. aastast ning Euroopa kaubam\u00e4rgi- ja disainivolinik alates 2004. aastast. Aastatel 2019-2025 oli Kaie Puur Patendivolinike Koja [&hellip;]<\/p>\n","protected":false},"author":3,"featured_media":0,"parent":0,"menu_order":0,"comment_status":"closed","ping_status":"closed","template":"elementor_header_footer","meta":{"inline_featured_image":false,"footnotes":""},"class_list":["post-837","page","type-page","status-publish","hentry"],"yoast_head":"<!-- This site is optimized with the Yoast SEO plugin v27.3 - https:\/\/yoast.com\/product\/yoast-seo-wordpress\/ -->\n<title>Kaie Puur - Restmark<\/title>\n<meta name=\"robots\" content=\"index, follow, max-snippet:-1, max-image-preview:large, max-video-preview:-1\" \/>\n<link rel=\"canonical\" href=\"https:\/\/restmark.ee\/et\/kaie-puur\/\" \/>\n<meta property=\"og:locale\" content=\"et_EE\" \/>\n<meta property=\"og:type\" content=\"article\" \/>\n<meta property=\"og:title\" content=\"Kaie Puur - Restmark\" \/>\n<meta property=\"og:description\" content=\"Kaie Puur Euroopa \u00dchenduse kaubam\u00e4rgi- ja disainivolinik Eesti patendivolinik Partner Keeled: eesti, inglise, vene kaie.puur@restmark.ee Kaie Puur on Patendib\u00fcroo RESTMARK asutaja ja partner. Ta on riiklikult atesteeritud patendivolinik kaubam\u00e4rkide ja t\u00f6\u00f6stusdisainilahenduste valdkonnas alates 2000. aastast, leiutiste valdkonnas alates 2013. aastast ning Euroopa kaubam\u00e4rgi- ja disainivolinik alates 2004. aastast. Aastatel 2019-2025 oli Kaie Puur Patendivolinike Koja [&hellip;]\" \/>\n<meta property=\"og:url\" content=\"https:\/\/restmark.ee\/et\/kaie-puur\/\" \/>\n<meta property=\"og:site_name\" content=\"Restmark\" \/>\n<meta property=\"article:modified_time\" content=\"2025-07-30T13:30:52+00:00\" \/>\n<meta property=\"og:image\" content=\"https:\/\/restmark.ee\/wp-content\/uploads\/2023\/05\/NME6057-min-removebg-preview-1.png\" \/>\n\t<meta property=\"og:image:width\" content=\"408\" \/>\n\t<meta property=\"og:image:height\" content=\"612\" \/>\n\t<meta property=\"og:image:type\" content=\"image\/png\" \/>\n<meta name=\"twitter:card\" content=\"summary_large_image\" \/>\n<meta name=\"twitter:label1\" content=\"Est. reading time\" \/>\n\t<meta name=\"twitter:data1\" content=\"2 minutit\" \/>\n<script type=\"application\/ld+json\" class=\"yoast-schema-graph\">{\"@context\":\"https:\\\/\\\/schema.org\",\"@graph\":[{\"@type\":\"WebPage\",\"@id\":\"https:\\\/\\\/restmark.ee\\\/et\\\/kaie-puur\\\/\",\"url\":\"https:\\\/\\\/restmark.ee\\\/et\\\/kaie-puur\\\/\",\"name\":\"Kaie Puur - Restmark\",\"isPartOf\":{\"@id\":\"https:\\\/\\\/restmark.ee\\\/et\\\/#website\"},\"primaryImageOfPage\":{\"@id\":\"https:\\\/\\\/restmark.ee\\\/et\\\/kaie-puur\\\/#primaryimage\"},\"image\":{\"@id\":\"https:\\\/\\\/restmark.ee\\\/et\\\/kaie-puur\\\/#primaryimage\"},\"thumbnailUrl\":\"https:\\\/\\\/restmark.ee\\\/wp-content\\\/uploads\\\/2023\\\/05\\\/NME6057-min-removebg-preview-1.png\",\"datePublished\":\"2023-05-08T08:05:05+00:00\",\"dateModified\":\"2025-07-30T13:30:52+00:00\",\"breadcrumb\":{\"@id\":\"https:\\\/\\\/restmark.ee\\\/et\\\/kaie-puur\\\/#breadcrumb\"},\"inLanguage\":\"et\",\"potentialAction\":[{\"@type\":\"ReadAction\",\"target\":[\"https:\\\/\\\/restmark.ee\\\/et\\\/kaie-puur\\\/\"]}]},{\"@type\":\"ImageObject\",\"inLanguage\":\"et\",\"@id\":\"https:\\\/\\\/restmark.ee\\\/et\\\/kaie-puur\\\/#primaryimage\",\"url\":\"https:\\\/\\\/restmark.ee\\\/wp-content\\\/uploads\\\/2023\\\/05\\\/NME6057-min-removebg-preview-1.png\",\"contentUrl\":\"https:\\\/\\\/restmark.ee\\\/wp-content\\\/uploads\\\/2023\\\/05\\\/NME6057-min-removebg-preview-1.png\"},{\"@type\":\"BreadcrumbList\",\"@id\":\"https:\\\/\\\/restmark.ee\\\/et\\\/kaie-puur\\\/#breadcrumb\",\"itemListElement\":[{\"@type\":\"ListItem\",\"position\":1,\"name\":\"Home\",\"item\":\"https:\\\/\\\/restmark.ee\\\/et\\\/\"},{\"@type\":\"ListItem\",\"position\":2,\"name\":\"Kaie Puur\"}]},{\"@type\":\"WebSite\",\"@id\":\"https:\\\/\\\/restmark.ee\\\/et\\\/#website\",\"url\":\"https:\\\/\\\/restmark.ee\\\/et\\\/\",\"name\":\"Restmark\",\"description\":\"Patendib&uuml;roo Restmark O&Uuml;\",\"publisher\":{\"@id\":\"https:\\\/\\\/restmark.ee\\\/et\\\/#organization\"},\"alternateName\":\"Restmark\",\"potentialAction\":[{\"@type\":\"SearchAction\",\"target\":{\"@type\":\"EntryPoint\",\"urlTemplate\":\"https:\\\/\\\/restmark.ee\\\/et\\\/?s={search_term_string}\"},\"query-input\":{\"@type\":\"PropertyValueSpecification\",\"valueRequired\":true,\"valueName\":\"search_term_string\"}}],\"inLanguage\":\"et\"},{\"@type\":\"Organization\",\"@id\":\"https:\\\/\\\/restmark.ee\\\/et\\\/#organization\",\"name\":\"Restmark\",\"alternateName\":\"Restmark\",\"url\":\"https:\\\/\\\/restmark.ee\\\/et\\\/\",\"logo\":{\"@type\":\"ImageObject\",\"inLanguage\":\"et\",\"@id\":\"https:\\\/\\\/restmark.ee\\\/et\\\/#\\\/schema\\\/logo\\\/image\\\/\",\"url\":\"https:\\\/\\\/restmark.ee\\\/wp-content\\\/uploads\\\/2023\\\/04\\\/resmark_3_-_kuldne__sinine-removebg-preview-1.png\",\"contentUrl\":\"https:\\\/\\\/restmark.ee\\\/wp-content\\\/uploads\\\/2023\\\/04\\\/resmark_3_-_kuldne__sinine-removebg-preview-1.png\",\"width\":957,\"height\":177,\"caption\":\"Restmark\"},\"image\":{\"@id\":\"https:\\\/\\\/restmark.ee\\\/et\\\/#\\\/schema\\\/logo\\\/image\\\/\"}}]}<\/script>\n<!-- \/ Yoast SEO plugin. -->","yoast_head_json":{"title":"Kaie Puur - Restmark","robots":{"index":"index","follow":"follow","max-snippet":"max-snippet:-1","max-image-preview":"max-image-preview:large","max-video-preview":"max-video-preview:-1"},"canonical":"https:\/\/restmark.ee\/et\/kaie-puur\/","og_locale":"et_EE","og_type":"article","og_title":"Kaie Puur - Restmark","og_description":"Kaie Puur Euroopa \u00dchenduse kaubam\u00e4rgi- ja disainivolinik Eesti patendivolinik Partner Keeled: eesti, inglise, vene kaie.puur@restmark.ee Kaie Puur on Patendib\u00fcroo RESTMARK asutaja ja partner. Ta on riiklikult atesteeritud patendivolinik kaubam\u00e4rkide ja t\u00f6\u00f6stusdisainilahenduste valdkonnas alates 2000. aastast, leiutiste valdkonnas alates 2013. aastast ning Euroopa kaubam\u00e4rgi- ja disainivolinik alates 2004. aastast. Aastatel 2019-2025 oli Kaie Puur Patendivolinike Koja [&hellip;]","og_url":"https:\/\/restmark.ee\/et\/kaie-puur\/","og_site_name":"Restmark","article_modified_time":"2025-07-30T13:30:52+00:00","og_image":[{"width":408,"height":612,"url":"https:\/\/restmark.ee\/wp-content\/uploads\/2023\/05\/NME6057-min-removebg-preview-1.png","type":"image\/png"}],"twitter_card":"summary_large_image","twitter_misc":{"Est. reading time":"2 minutit"},"schema":{"@context":"https:\/\/schema.org","@graph":[{"@type":"WebPage","@id":"https:\/\/restmark.ee\/et\/kaie-puur\/","url":"https:\/\/restmark.ee\/et\/kaie-puur\/","name":"Kaie Puur - Restmark","isPartOf":{"@id":"https:\/\/restmark.ee\/et\/#website"},"primaryImageOfPage":{"@id":"https:\/\/restmark.ee\/et\/kaie-puur\/#primaryimage"},"image":{"@id":"https:\/\/restmark.ee\/et\/kaie-puur\/#primaryimage"},"thumbnailUrl":"https:\/\/restmark.ee\/wp-content\/uploads\/2023\/05\/NME6057-min-removebg-preview-1.png","datePublished":"2023-05-08T08:05:05+00:00","dateModified":"2025-07-30T13:30:52+00:00","breadcrumb":{"@id":"https:\/\/restmark.ee\/et\/kaie-puur\/#breadcrumb"},"inLanguage":"et","potentialAction":[{"@type":"ReadAction","target":["https:\/\/restmark.ee\/et\/kaie-puur\/"]}]},{"@type":"ImageObject","inLanguage":"et","@id":"https:\/\/restmark.ee\/et\/kaie-puur\/#primaryimage","url":"https:\/\/restmark.ee\/wp-content\/uploads\/2023\/05\/NME6057-min-removebg-preview-1.png","contentUrl":"https:\/\/restmark.ee\/wp-content\/uploads\/2023\/05\/NME6057-min-removebg-preview-1.png"},{"@type":"BreadcrumbList","@id":"https:\/\/restmark.ee\/et\/kaie-puur\/#breadcrumb","itemListElement":[{"@type":"ListItem","position":1,"name":"Home","item":"https:\/\/restmark.ee\/et\/"},{"@type":"ListItem","position":2,"name":"Kaie Puur"}]},{"@type":"WebSite","@id":"https:\/\/restmark.ee\/et\/#website","url":"https:\/\/restmark.ee\/et\/","name":"Restmark","description":"Patendib&uuml;roo Restmark O&Uuml;","publisher":{"@id":"https:\/\/restmark.ee\/et\/#organization"},"alternateName":"Restmark","potentialAction":[{"@type":"SearchAction","target":{"@type":"EntryPoint","urlTemplate":"https:\/\/restmark.ee\/et\/?s={search_term_string}"},"query-input":{"@type":"PropertyValueSpecification","valueRequired":true,"valueName":"search_term_string"}}],"inLanguage":"et"},{"@type":"Organization","@id":"https:\/\/restmark.ee\/et\/#organization","name":"Restmark","alternateName":"Restmark","url":"https:\/\/restmark.ee\/et\/","logo":{"@type":"ImageObject","inLanguage":"et","@id":"https:\/\/restmark.ee\/et\/#\/schema\/logo\/image\/","url":"https:\/\/restmark.ee\/wp-content\/uploads\/2023\/04\/resmark_3_-_kuldne__sinine-removebg-preview-1.png","contentUrl":"https:\/\/restmark.ee\/wp-content\/uploads\/2023\/04\/resmark_3_-_kuldne__sinine-removebg-preview-1.png","width":957,"height":177,"caption":"Restmark"},"image":{"@id":"https:\/\/restmark.ee\/et\/#\/schema\/logo\/image\/"}}]}},"_links":{"self":[{"href":"https:\/\/restmark.ee\/et\/wp-json\/wp\/v2\/pages\/837","targetHints":{"allow":["GET"]}}],"collection":[{"href":"https:\/\/restmark.ee\/et\/wp-json\/wp\/v2\/pages"}],"about":[{"href":"https:\/\/restmark.ee\/et\/wp-json\/wp\/v2\/types\/page"}],"author":[{"embeddable":true,"href":"https:\/\/restmark.ee\/et\/wp-json\/wp\/v2\/users\/3"}],"replies":[{"embeddable":true,"href":"https:\/\/restmark.ee\/et\/wp-json\/wp\/v2\/comments?post=837"}],"version-history":[{"count":19,"href":"https:\/\/restmark.ee\/et\/wp-json\/wp\/v2\/pages\/837\/revisions"}],"predecessor-version":[{"id":1385,"href":"https:\/\/restmark.ee\/et\/wp-json\/wp\/v2\/pages\/837\/revisions\/1385"}],"wp:attachment":[{"href":"https:\/\/restmark.ee\/et\/wp-json\/wp\/v2\/media?parent=837"}],"curies":[{"name":"wp","href":"https:\/\/api.w.org\/{rel}","templated":true}]}}