{"id":842,"date":"2023-05-09T13:37:17","date_gmt":"2023-05-09T13:37:17","guid":{"rendered":"https:\/\/restmark.ee\/privaatsuspoliitika\/"},"modified":"2023-05-09T14:49:42","modified_gmt":"2023-05-09T14:49:42","slug":"privaatsuspoliitika","status":"publish","type":"page","link":"https:\/\/restmark.ee\/et\/privaatsuspoliitika\/","title":{"rendered":"Privaatsuspoliitika"},"content":{"rendered":"\t\t<div data-elementor-type=\"wp-page\" data-elementor-id=\"842\" class=\"elementor elementor-842 elementor-705\" data-elementor-post-type=\"page\">\n\t\t\t\t\t\t<section class=\"elementor-section elementor-top-section elementor-element elementor-element-3b52d7d1 elementor-section-boxed elementor-section-height-default elementor-section-height-default\" data-id=\"3b52d7d1\" data-element_type=\"section\" data-e-type=\"section\">\n\t\t\t\t\t\t<div class=\"elementor-container elementor-column-gap-default\">\n\t\t\t\t\t<div class=\"elementor-column elementor-col-100 elementor-top-column elementor-element elementor-element-54326c09\" data-id=\"54326c09\" data-element_type=\"column\" data-e-type=\"column\">\n\t\t\t<div class=\"elementor-widget-wrap elementor-element-populated\">\n\t\t\t\t\t\t<div class=\"elementor-element elementor-element-92007f7 elementor-widget elementor-widget-heading\" data-id=\"92007f7\" data-element_type=\"widget\" data-e-type=\"widget\" data-widget_type=\"heading.default\">\n\t\t\t\t<div class=\"elementor-widget-container\">\n\t\t\t\t\t<h1 class=\"elementor-heading-title elementor-size-default\">Privaatsuspoliitika<\/h1>\t\t\t\t<\/div>\n\t\t\t\t<\/div>\n\t\t\t\t<div class=\"elementor-element elementor-element-79d7dd43 elementor-widget elementor-widget-text-editor\" data-id=\"79d7dd43\" data-element_type=\"widget\" data-e-type=\"widget\" data-widget_type=\"text-editor.default\">\n\t\t\t\t<div class=\"elementor-widget-container\">\n\t\t\t\t\t\t\t\t\t\n<p><span>Teie privaatsus ja vastavus k\u00f5igile kohaldatavatele seadustele ja m\u00e4\u00e4rustele seoses teie kohta meie veebisaidi k\u00fclastamisel kogutud isikuandmetega.  <\/span><a class=\"webpage\" href=\"https:\/\/restmark.ee\/\"><span>restmark.ee<\/a> on oluline  <\/span><span><span class=\"name\">Patendiamet Restmark O\u00dc<\/span>. Meie veebisaiti kasutades n\u00f5ustute, et me kogume ja kasutame teie andmeid vastavalt k\u00e4esolevale privaatsuspoliitikale.<\/span><\/p>\n<p><span>K\u00e4esoleva privaatsuspoliitikaga soovime teile selgitada, milliseid andmeid me kogume, kuidas me neid kasutame ja millised on teie \u00f5igused teie andmete kaitsmiseks. Poliitika kehtib ainult meie veebisaidi ja selle k\u00fclastajate kohta ning ei kehti muude kanalite kaudu kogutud andmete kohta.<\/span><\/p>\n<p><span>Teie andmete t\u00f6\u00f6tleja on <\/span><span class=\"name\">\n  <span>Patendib\u00fcro Restmark O\u00dc<\/span>\n<\/span><\/p>\n<p id=\"reg-nr-field\"><span class=\"regcode\"><span>ettev\u00f5tte reg. number: 11600507<\/span><\/span><\/p>\n<p id=\"e-post-field\"><span class=\"email\"><span>e-post: restmark@restmark.ee<\/span><\/span><\/p>\n<p id=\"tel-nr-field\"><span class=\"phone\"><span>telefoninumber: (+372) 655 9803<\/span><\/span><\/p>\n<p><span>Me kogume ja t\u00f6\u00f6tleme teavet vastavalt Euroopa Liidu \u00fcldisele andmekaitsem\u00e4\u00e4rusele (GDPR), mis j\u00f5ustus 25.05.2018.<\/span><\/p>\n<h2><span>Andmete kogumine ja kasutamine<\/span><\/h2>\n<h3><span>Milliseid andmeid me kogume<\/span><\/h3>\n<p><span>Kogutud teave h\u00f5lmab teavet, mida te meile teadlikult ja aktiivselt edastate, kui kasutate meie teenuseid v\u00f5i kampaaniaid v\u00f5i osalete neis, samuti kogu teavet, mida teie seadmed saadavad meie toodetele ja teenustele juurdep\u00e4\u00e4sul.<\/span><\/p>\n<p><span>Andmed, mida me kogume, h\u00f5lmavad teavet, mida olete meiega teadlikult jaganud, kui kasutate meie teenuseid v\u00f5i kampaaniaid, ning teavet, mida teie seadmed automaatselt meile edastavad.<\/span><\/p>\n<p><span>Teie isikuandmed v\u00f5ivad j\u00f5uda meieni j\u00e4rgmistel viisidel:<\/span><\/p>\n<ul>\n<li><span>Kui v\u00f5tate meiega \u00fchendust telefoni, e-posti v\u00f5i veebivestluse teel<\/span><\/li>\n<li><span>Kui sirvite veebisaiti <\/span><a class=\"webpage\" href=\"https:\/\/restmark.ee\/\">\n  <span>restmark.ee<\/span>\n<\/a><\/li>\n<li><span>Kui kommenteerid, meeldid v\u00f5i jagad postitust meie sotsiaalmeediakontol<\/span><\/li>\n<li><span>Kui tellite meie uudiskirja<\/span><\/li>\n<li><span>Kui te kommenteerite meie veebisaidi postitusi<\/span><\/li>\n<\/ul>\n<h3><span>Kogutud andmete liigid<\/span><\/h3>\n<h4><span>Isikuandmed<\/span><\/h4>\n<p><span>Me k\u00fcsime teilt isikuandmeid ainult siis, kui see on vajalik teile teenuse osutamiseks. Kui v\u00f5tate meiega \u00fchendust v\u00f5i k\u00fclastate meie veebisaiti, v\u00f5ite meiega jagada j\u00e4rgmist teavet:<\/span><\/p>\n<ul id=\"list\">\n<li><span>Ees- ja perekonnanimi<\/span><\/li>\n<li><span>E-posti aadress<\/span><\/li>\n<li><span>Telefoninumber<\/span><\/li>\n<li><span>Teie ja meie vaheline vestluse ajalugu<\/span><\/li>\n<li><span>Teave teie veebilehitseja ja IP-aadressi kohta<\/span><\/li>\n<\/ul>\n<h4><span>Logifailid<\/span><\/h4>\n<p><span>Meie veebileht <\/span><a class=\"webpage\" href=\"https:\/\/restmark.ee\/\">\n  <span>restmark.ee<\/span>\n<\/a><span>  salvestab logifaile oma k\u00fclastajate kohta. Kogutud teave v\u00f5ib h\u00f5lmata j\u00e4rgmist:<\/span><\/p>\n<ul>\n<li><span>Kasutatava seadme t\u00fc\u00fcp<\/span><\/li>\n<li><span>Interneti-protokolli (IP) aadress<\/span><\/li>\n<li><span>brauseri t\u00fc\u00fcp<\/span><\/li>\n<li><span>Interneti-teenuse pakkuja (ISP)<\/span><\/li>\n<li><span>Veebisaidi k\u00fclastamise kuup\u00e4ev ja kellaaeg<\/span><\/li>\n<li><span>Sisenemis- ja v\u00e4ljumislehe kl\u00f5psude arv veebilehel<\/span><\/li>\n<\/ul>\n<p><span>Logifailides sisalduvat teavet kasutatakse suundumuste anal\u00fc\u00fcsimiseks, veebisaidi haldamiseks, veebisaidi k\u00fclastajate tegevuse j\u00e4lgimiseks ja demograafilise teabe kogumiseks. Saadud teave ei ole m\u00f5eldud isiku tuvastamiseks ega v\u00f5imalda seda teha.<\/span><\/p>\n<h4><span>K\u00fcpsised<\/span><\/h4>\n<p><span>Nagu enamik veebisaite, <\/span><a class=\"webpage\" href=\"https:\/\/restmark.ee\/\">\n  <span>restmark.ee<\/span>\n<\/a><span>  kasutab ka &#8220;k\u00fcpsiseid&#8221;. K\u00fcpsis on sisuliselt tekstifail, mis salvestatakse kasutaja seadmesse, kui ta k\u00fclastab veebilehte. K\u00fcpsiseid kasutatakse eelistuste, piirkondlike seadete, teenuste kasutamise v\u00f5imaluste jne m\u00e4\u00e4ramiseks ja salvestamiseks.<\/span><\/p>\n<p><span>Soovi korral v\u00f5ite k\u00fcpsiste kasutamise brauseri seadetes keelata, kuid sel juhul on v\u00f5imalik, et teile pakutav teenus on h\u00e4iritud.<\/span><\/p>\n<p><span>K\u00fcpsised jagunevad p\u00fcsivateks ja seansik\u00fcpsisteks. P\u00fcsik\u00fcpsised j\u00e4\u00e4vad teie arvutisse v\u00f5i mobiilseadmesse ka p\u00e4rast brauseri v\u00f5i arvuti sulgemist. Seansik\u00fcpsised kustutatakse siiski kohe p\u00e4rast brauseri sulgemist.<\/span><\/p>\n<p><span>K\u00fcpsised jagunevad vastavalt nende eesm\u00e4rgile:<\/span><\/p>\n<p><b><span>Vajalikud k\u00fcpsised.  <\/span><\/b><span>Seansik\u00fcpsised, mille eesm\u00e4rk on v\u00f5imaldada teil kasutada meie veebisaidil pakutavaid teenuseid. Need k\u00fcpsised aitavad autentida kasutajaid ja v\u00e4ltida kasutajakontode pahatahtlikku kasutamist. Ilma nende k\u00fcpsisteta ei saa me teile soovitud teenuseid pakkuda.<\/span><\/p>\n<p><b><span>Teavitusk\u00fcpsised.  <\/span><\/b><span>Need k\u00fcpsised tuvastavad, kas kasutajad on n\u00f5ustunud k\u00fcpsiste kasutamisega veebilehel.<\/span><\/p>\n<p><b><span>Funktsionaalsuse k\u00fcpsised.  <\/span><\/b><span>Need k\u00fcpsised v\u00f5imaldavad teie brauseril meeles pidada veebisaidi kasutamisel tehtud valikuid, n\u00e4iteks salvestada teie sisselogimisandmed v\u00f5i keele-eelistused. Nende k\u00fcpsiste eesm\u00e4rk on pakkuda teile personaalsemat kasutuskogemust ja v\u00e4ltida teie eelistuste uuesti sisestamist.<\/span><\/p>\n<h3><span>Kuidas me kasutame andmeid<\/span><\/h3>\n<p><span>Me v\u00f5ime kasutada kogutud teavet erinevatel eesm\u00e4rkidel, sealhulgas:<\/span><\/p>\n<ul>\n<li><span>Meie veebilehe hooldamiseks, haldamiseks, arendamiseks, isikup\u00e4rastamiseks ja laiendamiseks<\/span><\/li>\n<li><span>Statistika kogumiseks, et saaksime pakkuda paremaid teenuseid ja\/v\u00f5i pakkumisi ning m\u00f5ista ja anal\u00fc\u00fcsida meie veebilehe k\u00fclastajate k\u00e4itumist.<\/span><\/li>\n<li><span>Teie tuvastamine telefoni, tekstis\u00f5numi v\u00f5i e-posti teel<\/span><\/li>\n<li><span>Kui saadame teile teavet ja k\u00fcsime tagasisidet meie teenuste kohta.<\/span><\/li>\n<li><span>Pettuste v\u00e4ltimiseks ja meie veebisaidi kaitsmiseks<\/span><\/li>\n<li><span>Et me saaksime teiega suhelda sotsiaalmeedia konto kaudu.<\/span><\/li>\n<li><span>V\u00f5imaldada vestlusajaloo lugemist, et kiirendada asjakohase n\u00f5uande andmist<\/span><\/li>\n<li><span>Eesm\u00e4rgiga parandada meie teenuse kvaliteeti ja pakkuda t\u00f5husamaid sirvimislahendusi<\/span><\/li>\n<li><span>uute toodete ja teenuste v\u00e4ljat\u00f6\u00f6tamine v\u00f5i nende funktsionaalsuse parandamine<\/span><\/li>\n<li><span>Et lihtsustada ja kiirendada meie vahelist suhtlust, kui v\u00f5tate meiega \u00fchendust.<\/span><\/li>\n<li><span>Muudel eesm\u00e4rkidel. N\u00e4iteks andmete anal\u00fc\u00fcsimiseks, suundumuste uurimiseks, meie reklaamikampaaniate t\u00f5hususe hindamiseks.<\/span><\/li>\n<\/ul>\n<h3><span>Millistel juhtudel on v\u00f5imalik, et me jagame teie andmeid<\/span><\/h3>\n<ul>\n<li><span>Me v\u00f5ime jagada v\u00f5i edastada teie isikuandmeid seoses meie ettev\u00f5tte omanikuvahetuse, \u00fchinemise, varade m\u00fc\u00fcgi, rahastamise v\u00f5i omandamisega. Me teavitame teid teie isikuandmete edastamisest ja sellest, millal nende suhtes kohaldatakse teise privaatsuspoliitika s\u00e4tteid.<\/span><\/li>\n<li><span>Me v\u00f5ime jagada teie andmeid oma partnerettev\u00f5tetega, n\u00f5udes neilt k\u00e4esoleva privaatsuspoliitika j\u00e4rgimist. Sidusettev\u00f5tete hulka kuuluvad meie ema- ja t\u00fctarettev\u00f5tted, \u00fchisettev\u00f5tte partnerid v\u00f5i meie omanduses olevad ettev\u00f5tted.<\/span><\/li>\n<li><span>Me v\u00f5ime jagada teie andmeid oma \u00e4ripartneritega, et pakkuda teile teatud tooteid, teenuseid v\u00f5i kampaaniaid.<\/span><\/li>\n<li><span>Teie n\u00f5usolekul v\u00f5ime avaldada teie isikuandmeid mis tahes muul eesm\u00e4rgil.<\/span><\/li>\n<li><span>Me oleme kohustatud avalikustama teie isikuandmeid, kui seadus seda n\u00f5uab. Heas usus v\u00f5ime avaldada teie andmeid ka selleks, et t\u00e4ita \u00f5iguslikke kohustusi, kaitsta meie \u00f5igusi v\u00f5i omandit, ennetada v\u00f5i avastada v\u00f5imalikke \u00f5igusrikkumisi seoses meie teenuse kasutamisega ning tagada teenuse kasutajate turvalisus.<\/span><\/li>\n<\/ul>\n<h3><span>Teie isikuandmete s\u00e4ilitamine<\/span><\/h3>\n<p><span>Ettev\u00f5te s\u00e4ilitab teie isikuandmeid ainult nii kaua, kui see on vajalik k\u00e4esolevas privaatsuspoliitikas s\u00e4testatud eesm\u00e4rkidel. Me s\u00e4ilitame ja kasutame teie isikuandmeid ulatuses, mis on vajalik meie juriidiliste kohustuste t\u00e4itmiseks (n\u00e4iteks kui meil on vaja s\u00e4ilitada teie andmeid kehtivate seaduste t\u00e4itmiseks), vaidluste lahendamiseks ning meie juriidiliste lepingute ja p\u00f5him\u00f5tete j\u00f5ustamiseks.<\/span><\/p>\n<p><span>Ettev\u00f5te s\u00e4ilitab ka logifaile sisemise anal\u00fc\u00fcsi eesm\u00e4rgil. Logifaile s\u00e4ilitatakse tavaliselt l\u00fchemat aega, v\u00e4lja arvatud juhul, kui andmeid kasutatakse turvalisuse tugevdamiseks v\u00f5i meie teenuse funktsionaalsuse parandamiseks v\u00f5i kui me oleme seadusega kohustatud andmeid s\u00e4ilitama pikema aja jooksul.<\/span><\/p>\n<h3><span>Laste andmete t\u00f6\u00f6tlemine<\/span><\/h3>\n<p><span>\u00dckski meie toode v\u00f5i teenus ei ole suunatud alla 13-aastastele lastele ja me ei kogu teadlikult teavet alla 13-aastastelt lastelt. Kui meil tekib kahtlus, et t\u00f6\u00f6tleme alla 13-aastase isiku andmeid, eemaldame selle isiku k\u00f5igist meie andmebaasidest.<\/span><\/p>\n<h2><span>Teie \u00f5igused oma andmete kaitsmiseks<\/span><\/h2>\n<p><span>Teil on alati \u00f5igus oma andmeid meiega mitte jagada, teades, et see v\u00f5ib m\u00f5jutada teie kasutuskogemust meie veebisaidil. Kui te otsustate oma andmeid meiega mitte jagada, ei kohtle me teid seet\u00f5ttu halvemini. Kui annate meile isikuandmeid, m\u00f5istate, et me kogume, salvestame, kasutame ja avalikustame neid koosk\u00f5las k\u00e4esoleva privaatsuspoliitikaga. Teil on \u00f5igus n\u00f5uda \u00fcksikasju teie kohta kogutud andmete kohta.<\/span><\/p>\n<p><span>Kui me saame teie isikuandmeid kolmandatelt isikutelt, kaitseme neid vastavalt k\u00e4esolevale privaatsuspoliitikale ja Eesti Vabariigi seadustele. Kui te ise jagate kolmandate isikute andmeid, kinnitate, et teil on ka selleks \u00f5igus ja luba.<\/span><\/p>\n<p><span>Isegi kui olete eelnevalt n\u00f5ustunud oma isikuandmete jagamisega meiega turunduslikel eesm\u00e4rkidel, on teil \u00f5igus igal ajal oma meelt muuta. Teil on alati \u00f5igus l\u00f5petada meiega suhtlemine ja n\u00f5uda, et me eemaldaksime teie andmed meie andmebaasidest. Aeg-ajalt v\u00f5ime k\u00fcsida teie kohta teavet ka teie isikusamasuse kontrollimiseks. Kui leiate, et teie kohta kogutud andmed on ebat\u00e4psed, aegunud, ebat\u00e4ielikud, ebaolulised v\u00f5i eksitavad, v\u00f5tke meiega \u00fchendust e-posti aadressil: restmark@restmark.ee v\u00f5i telefoni teel: (+372).  <\/span><span class=\"email\">\n  <span>655 <\/span>\n<\/span><span class=\"phone\">\n  <span>9803<\/span>\n<\/span><span>  . Anname endast parima, et parandada ebat\u00e4pne, ebat\u00e4ielik, eksitav v\u00f5i aegunud teave.<\/span><\/p>\n<p><span>Kui usute, et oleme rikkunud asjakohast andmekaitseseadust ja soovite esitada kaebuse, v\u00f5tke meiega \u00fchendust, kasutades k\u00e4esolevas dokumendis toodud kontaktandmeid, ja esitage meile k\u00f5ik \u00fcksikasjad rikkumise kohta. Me uurime teie kaebust kiiresti ja vastame teile kirjalikult meie uurimise tulemuste ja sammude kohta, mida me v\u00f5tame teie kaebuse lahendamiseks. Teil on ka \u00f5igus p\u00f6\u00f6rduda reguleeriva asutuse v\u00f5i andmekaitseasutuse poole.<\/span><\/p>\n<h2><span>GDPRi andmekaitsega seotud \u00f5igused<\/span><\/h2>\n<p><span>Me tahame tagada, et te olete teadlik k\u00f5igist oma andmekaitse\u00f5igustest. Igal lehe kasutajal on \u00f5igus j\u00e4rgmistele tingimustele:<\/span><\/p>\n<ul>\n<li><span>Juurdep\u00e4\u00e4su\u00f5igus &#8211; teil on \u00f5igus n\u00f5uda oma isikuandmete koopiaid.<\/span><\/li>\n<li><span>\u00d5igus andmete parandamisele &#8211; teil on \u00f5igus n\u00f5uda, et me parandaksime andmeid, mis teie arvates on ebat\u00e4psed. Teil on ka \u00f5igus n\u00f5uda, et me t\u00e4iendaksime andmeid, mis teie arvates on ebat\u00e4ielikud.<\/span><\/li>\n<li><span>\u00d5igus andmete kustutamisele &#8211; teatavatel tingimustel on teil \u00f5igus taotleda oma isikuandmete kustutamist.<\/span><\/li>\n<li><span>\u00d5igus piirata andmete t\u00f6\u00f6tlemist &#8211; teatavatel tingimustel on teil \u00f5igus n\u00f5uda oma isikuandmete kasutamise piiramist.<\/span><\/li>\n<li><span>\u00d5igus esitada vastuv\u00e4iteid isikuandmete kasutamisele &#8211; teatavatel tingimustel on teil \u00f5igus esitada vastuv\u00e4iteid oma isikuandmete kasutamisele.<\/span><\/li>\n<li><span>\u00d5igus andmete \u00fclekantavusele &#8211; teatavatel tingimustel on teil \u00f5igus n\u00f5uda, et edastaksime kogutud andmed kolmandale isikule v\u00f5i otse teile.<\/span><\/li>\n<\/ul>\n<h2><span>Teie andmete turvalisus<\/span><\/h2>\n<p><span>Teie isikuandmete turvalisus on meile oluline, kuid pidage meeles, et \u00fckski internetip\u00f5hine teabevahetusmeetod v\u00f5i elektrooniline salvestusmeetod ei ole 100% turvaline. Kuigi me anname endast parima, et kaitsta teie andmeid, ei saa me tagada nende t\u00e4ielikku turvalisust.<\/span><\/p>\n<p><span class=\"name\"><span>Patendiamet Restmark O\u00dc<\/span><\/span><span>  v\u00f5tab k\u00f5ik m\u00f5istlikult vajalikud meetmed tagamaks, et teie andmeid t\u00f6\u00f6deldakse turvaliselt ja koosk\u00f5las k\u00e4esoleva privaatsuspoliitikaga ning Eesti Vabariigi seadustega. Teie andmeid ei edastata \u00fchelegi organisatsioonile ega riigile, v\u00e4lja arvatud juhul, kui selleks on m\u00f5juv p\u00f5hjus ja teie andmete turvalisus on tagatud.<\/span><\/p>\n<h2><span>Linkimine teistele veebisaitidele<\/span><\/h2>\n<p><span>Meie veebisaidil v\u00f5ite leida linke teistele veebisaitidele, mis ei kuulu meile. Kui kl\u00f5psate kolmanda osapoole lingile, suunatakse teid sellele kolmanda osapoole veebisaidile. Soovitame tungivalt lugeda iga k\u00fclastatava saidi privaatsuspoliitikat.<\/span><\/p>\n<p><span>Me ei kontrolli kolmandate osapoolte veebisaite ega vastuta nende sisu, privaatsuspoliitikate, pakutavate teenuste v\u00f5i muu eest.<\/span><\/p>\n<h2><span>Privaatsuspoliitika uuendused<\/span><\/h2>\n<p><span>Vajaduse korral on meil \u00f5igus teha muudatusi k\u00e4esolevasse privaatsuspoliitikasse. Kui privaatsuspoliitikat uuendatakse, muudame dokumendi allosas oleva dokumendi uuendamise kuup\u00e4eva. Kui j\u00e4tkate meie veebisaidi k\u00fclastamist ja kasutamist p\u00e4rast privaatsuspoliitika uuendamist, k\u00e4sitame seda kui teie vaikivat n\u00f5usolekut muudatustega.<\/span><\/p>\n<p>&nbsp;<\/p>\n<p><span>Viimati muudetud <\/span><span class=\"kuupaev\">\n  <span>09\/05\/2023<\/span>\n<\/span><\/p>\n\t\t\t\t\t\t\t\t<\/div>\n\t\t\t\t<\/div>\n\t\t\t\t\t<\/div>\n\t\t<\/div>\n\t\t\t\t\t<\/div>\n\t\t<\/section>\n\t\t\t\t<\/div>\n\t\t","protected":false},"excerpt":{"rendered":"<p>Privaatsuspoliitika Teie privaatsus ja vastavus k\u00f5igile kohaldatavatele seadustele ja m\u00e4\u00e4rustele seoses teie kohta meie veebisaidi k\u00fclastamisel kogutud isikuandmetega. restmark.ee on oluline Patendiamet Restmark O\u00dc. Meie veebisaiti kasutades n\u00f5ustute, et me kogume ja kasutame teie andmeid vastavalt k\u00e4esolevale privaatsuspoliitikale. K\u00e4esoleva privaatsuspoliitikaga soovime teile selgitada, milliseid andmeid me kogume, kuidas me neid kasutame ja millised on teie [&hellip;]<\/p>\n","protected":false},"author":3,"featured_media":0,"parent":0,"menu_order":0,"comment_status":"closed","ping_status":"closed","template":"elementor_header_footer","meta":{"inline_featured_image":false,"footnotes":""},"class_list":["post-842","page","type-page","status-publish","hentry"],"yoast_head":"<!-- This site is optimized with the Yoast SEO plugin v27.3 - https:\/\/yoast.com\/product\/yoast-seo-wordpress\/ -->\n<title>Privaatsuspoliitika - Restmark<\/title>\n<meta name=\"robots\" content=\"index, follow, max-snippet:-1, max-image-preview:large, max-video-preview:-1\" \/>\n<link rel=\"canonical\" href=\"https:\/\/restmark.ee\/et\/privaatsuspoliitika\/\" \/>\n<meta property=\"og:locale\" content=\"et_EE\" \/>\n<meta property=\"og:type\" content=\"article\" \/>\n<meta property=\"og:title\" content=\"Privaatsuspoliitika - Restmark\" \/>\n<meta property=\"og:description\" content=\"Privaatsuspoliitika Teie privaatsus ja vastavus k\u00f5igile kohaldatavatele seadustele ja m\u00e4\u00e4rustele seoses teie kohta meie veebisaidi k\u00fclastamisel kogutud isikuandmetega. restmark.ee on oluline Patendiamet Restmark O\u00dc. Meie veebisaiti kasutades n\u00f5ustute, et me kogume ja kasutame teie andmeid vastavalt k\u00e4esolevale privaatsuspoliitikale. K\u00e4esoleva privaatsuspoliitikaga soovime teile selgitada, milliseid andmeid me kogume, kuidas me neid kasutame ja millised on teie [&hellip;]\" \/>\n<meta property=\"og:url\" content=\"https:\/\/restmark.ee\/et\/privaatsuspoliitika\/\" \/>\n<meta property=\"og:site_name\" content=\"Restmark\" \/>\n<meta property=\"article:modified_time\" content=\"2023-05-09T14:49:42+00:00\" \/>\n<meta property=\"og:image\" content=\"https:\/\/restmark.ee\/wp-content\/uploads\/2023\/04\/resmark_3_-_kuldne__sinine-removebg-preview-1.png\" \/>\n\t<meta property=\"og:image:width\" content=\"957\" \/>\n\t<meta property=\"og:image:height\" content=\"177\" \/>\n\t<meta property=\"og:image:type\" content=\"image\/png\" \/>\n<meta name=\"twitter:card\" content=\"summary_large_image\" \/>\n<meta name=\"twitter:label1\" content=\"Est. reading time\" \/>\n\t<meta name=\"twitter:data1\" content=\"8 minutit\" \/>\n<script type=\"application\/ld+json\" class=\"yoast-schema-graph\">{\"@context\":\"https:\\\/\\\/schema.org\",\"@graph\":[{\"@type\":\"WebPage\",\"@id\":\"https:\\\/\\\/restmark.ee\\\/et\\\/privaatsuspoliitika\\\/\",\"url\":\"https:\\\/\\\/restmark.ee\\\/et\\\/privaatsuspoliitika\\\/\",\"name\":\"Privaatsuspoliitika - Restmark\",\"isPartOf\":{\"@id\":\"https:\\\/\\\/restmark.ee\\\/et\\\/#website\"},\"datePublished\":\"2023-05-09T13:37:17+00:00\",\"dateModified\":\"2023-05-09T14:49:42+00:00\",\"breadcrumb\":{\"@id\":\"https:\\\/\\\/restmark.ee\\\/et\\\/privaatsuspoliitika\\\/#breadcrumb\"},\"inLanguage\":\"et\",\"potentialAction\":[{\"@type\":\"ReadAction\",\"target\":[\"https:\\\/\\\/restmark.ee\\\/et\\\/privaatsuspoliitika\\\/\"]}]},{\"@type\":\"BreadcrumbList\",\"@id\":\"https:\\\/\\\/restmark.ee\\\/et\\\/privaatsuspoliitika\\\/#breadcrumb\",\"itemListElement\":[{\"@type\":\"ListItem\",\"position\":1,\"name\":\"Home\",\"item\":\"https:\\\/\\\/restmark.ee\\\/et\\\/\"},{\"@type\":\"ListItem\",\"position\":2,\"name\":\"Privaatsuspoliitika\"}]},{\"@type\":\"WebSite\",\"@id\":\"https:\\\/\\\/restmark.ee\\\/et\\\/#website\",\"url\":\"https:\\\/\\\/restmark.ee\\\/et\\\/\",\"name\":\"Restmark\",\"description\":\"Patendib&uuml;roo Restmark O&Uuml;\",\"publisher\":{\"@id\":\"https:\\\/\\\/restmark.ee\\\/et\\\/#organization\"},\"alternateName\":\"Restmark\",\"potentialAction\":[{\"@type\":\"SearchAction\",\"target\":{\"@type\":\"EntryPoint\",\"urlTemplate\":\"https:\\\/\\\/restmark.ee\\\/et\\\/?s={search_term_string}\"},\"query-input\":{\"@type\":\"PropertyValueSpecification\",\"valueRequired\":true,\"valueName\":\"search_term_string\"}}],\"inLanguage\":\"et\"},{\"@type\":\"Organization\",\"@id\":\"https:\\\/\\\/restmark.ee\\\/et\\\/#organization\",\"name\":\"Restmark\",\"alternateName\":\"Restmark\",\"url\":\"https:\\\/\\\/restmark.ee\\\/et\\\/\",\"logo\":{\"@type\":\"ImageObject\",\"inLanguage\":\"et\",\"@id\":\"https:\\\/\\\/restmark.ee\\\/et\\\/#\\\/schema\\\/logo\\\/image\\\/\",\"url\":\"https:\\\/\\\/restmark.ee\\\/wp-content\\\/uploads\\\/2023\\\/04\\\/resmark_3_-_kuldne__sinine-removebg-preview-1.png\",\"contentUrl\":\"https:\\\/\\\/restmark.ee\\\/wp-content\\\/uploads\\\/2023\\\/04\\\/resmark_3_-_kuldne__sinine-removebg-preview-1.png\",\"width\":957,\"height\":177,\"caption\":\"Restmark\"},\"image\":{\"@id\":\"https:\\\/\\\/restmark.ee\\\/et\\\/#\\\/schema\\\/logo\\\/image\\\/\"}}]}<\/script>\n<!-- \/ Yoast SEO plugin. -->","yoast_head_json":{"title":"Privaatsuspoliitika - Restmark","robots":{"index":"index","follow":"follow","max-snippet":"max-snippet:-1","max-image-preview":"max-image-preview:large","max-video-preview":"max-video-preview:-1"},"canonical":"https:\/\/restmark.ee\/et\/privaatsuspoliitika\/","og_locale":"et_EE","og_type":"article","og_title":"Privaatsuspoliitika - Restmark","og_description":"Privaatsuspoliitika Teie privaatsus ja vastavus k\u00f5igile kohaldatavatele seadustele ja m\u00e4\u00e4rustele seoses teie kohta meie veebisaidi k\u00fclastamisel kogutud isikuandmetega. restmark.ee on oluline Patendiamet Restmark O\u00dc. Meie veebisaiti kasutades n\u00f5ustute, et me kogume ja kasutame teie andmeid vastavalt k\u00e4esolevale privaatsuspoliitikale. K\u00e4esoleva privaatsuspoliitikaga soovime teile selgitada, milliseid andmeid me kogume, kuidas me neid kasutame ja millised on teie [&hellip;]","og_url":"https:\/\/restmark.ee\/et\/privaatsuspoliitika\/","og_site_name":"Restmark","article_modified_time":"2023-05-09T14:49:42+00:00","og_image":[{"width":957,"height":177,"url":"https:\/\/restmark.ee\/wp-content\/uploads\/2023\/04\/resmark_3_-_kuldne__sinine-removebg-preview-1.png","type":"image\/png"}],"twitter_card":"summary_large_image","twitter_misc":{"Est. reading time":"8 minutit"},"schema":{"@context":"https:\/\/schema.org","@graph":[{"@type":"WebPage","@id":"https:\/\/restmark.ee\/et\/privaatsuspoliitika\/","url":"https:\/\/restmark.ee\/et\/privaatsuspoliitika\/","name":"Privaatsuspoliitika - Restmark","isPartOf":{"@id":"https:\/\/restmark.ee\/et\/#website"},"datePublished":"2023-05-09T13:37:17+00:00","dateModified":"2023-05-09T14:49:42+00:00","breadcrumb":{"@id":"https:\/\/restmark.ee\/et\/privaatsuspoliitika\/#breadcrumb"},"inLanguage":"et","potentialAction":[{"@type":"ReadAction","target":["https:\/\/restmark.ee\/et\/privaatsuspoliitika\/"]}]},{"@type":"BreadcrumbList","@id":"https:\/\/restmark.ee\/et\/privaatsuspoliitika\/#breadcrumb","itemListElement":[{"@type":"ListItem","position":1,"name":"Home","item":"https:\/\/restmark.ee\/et\/"},{"@type":"ListItem","position":2,"name":"Privaatsuspoliitika"}]},{"@type":"WebSite","@id":"https:\/\/restmark.ee\/et\/#website","url":"https:\/\/restmark.ee\/et\/","name":"Restmark","description":"Patendib&uuml;roo Restmark O&Uuml;","publisher":{"@id":"https:\/\/restmark.ee\/et\/#organization"},"alternateName":"Restmark","potentialAction":[{"@type":"SearchAction","target":{"@type":"EntryPoint","urlTemplate":"https:\/\/restmark.ee\/et\/?s={search_term_string}"},"query-input":{"@type":"PropertyValueSpecification","valueRequired":true,"valueName":"search_term_string"}}],"inLanguage":"et"},{"@type":"Organization","@id":"https:\/\/restmark.ee\/et\/#organization","name":"Restmark","alternateName":"Restmark","url":"https:\/\/restmark.ee\/et\/","logo":{"@type":"ImageObject","inLanguage":"et","@id":"https:\/\/restmark.ee\/et\/#\/schema\/logo\/image\/","url":"https:\/\/restmark.ee\/wp-content\/uploads\/2023\/04\/resmark_3_-_kuldne__sinine-removebg-preview-1.png","contentUrl":"https:\/\/restmark.ee\/wp-content\/uploads\/2023\/04\/resmark_3_-_kuldne__sinine-removebg-preview-1.png","width":957,"height":177,"caption":"Restmark"},"image":{"@id":"https:\/\/restmark.ee\/et\/#\/schema\/logo\/image\/"}}]}},"_links":{"self":[{"href":"https:\/\/restmark.ee\/et\/wp-json\/wp\/v2\/pages\/842","targetHints":{"allow":["GET"]}}],"collection":[{"href":"https:\/\/restmark.ee\/et\/wp-json\/wp\/v2\/pages"}],"about":[{"href":"https:\/\/restmark.ee\/et\/wp-json\/wp\/v2\/types\/page"}],"author":[{"embeddable":true,"href":"https:\/\/restmark.ee\/et\/wp-json\/wp\/v2\/users\/3"}],"replies":[{"embeddable":true,"href":"https:\/\/restmark.ee\/et\/wp-json\/wp\/v2\/comments?post=842"}],"version-history":[{"count":1,"href":"https:\/\/restmark.ee\/et\/wp-json\/wp\/v2\/pages\/842\/revisions"}],"predecessor-version":[{"id":843,"href":"https:\/\/restmark.ee\/et\/wp-json\/wp\/v2\/pages\/842\/revisions\/843"}],"wp:attachment":[{"href":"https:\/\/restmark.ee\/et\/wp-json\/wp\/v2\/media?parent=842"}],"curies":[{"name":"wp","href":"https:\/\/api.w.org\/{rel}","templated":true}]}}